{"id":16682,"date":"2022-09-30T06:14:12","date_gmt":"2022-09-30T06:14:12","guid":{"rendered":"https:\/\/happytrack.app\/?page_id=16682"},"modified":"2025-09-03T08:36:56","modified_gmt":"2025-09-03T08:36:56","slug":"calendly","status":"publish","type":"page","link":"https:\/\/happytrack.app\/fr\/calendly\/","title":{"rendered":"HappyTrack Meeting"},"content":{"rendered":"<div data-elementor-type=\"wp-page\" data-elementor-id=\"16682\" class=\"elementor elementor-16682\">\n\t\t\t\t\t\t<section class=\"elementor-section elementor-top-section elementor-element elementor-element-41c6b7e elementor-section-boxed elementor-section-height-default elementor-section-height-default\" data-id=\"41c6b7e\" data-element_type=\"section\">\n\t\t\t\t\t\t<div class=\"elementor-container elementor-column-gap-default\">\n\t\t\t\t\t<div class=\"elementor-column elementor-col-100 elementor-top-column elementor-element elementor-element-5c66a7d\" data-id=\"5c66a7d\" data-element_type=\"column\">\n\t\t\t<div class=\"elementor-widget-wrap elementor-element-populated\">\n\t\t\t\t\t\t<div class=\"elementor-element elementor-element-69a532b elementor-widget elementor-widget-spacer\" data-id=\"69a532b\" data-element_type=\"widget\" data-widget_type=\"spacer.default\">\n\t\t\t\t<div class=\"elementor-widget-container\">\n\t\t\t\t\t\t\t<div class=\"elementor-spacer\">\n\t\t\t<div class=\"elementor-spacer-inner\"><\/div>\n\t\t<\/div>\n\t\t\t\t\t\t<\/div>\n\t\t\t\t<\/div>\n\t\t\t\t<div class=\"elementor-element elementor-element-635719d elementor-widget elementor-widget-heading\" data-id=\"635719d\" data-element_type=\"widget\" data-widget_type=\"heading.default\">\n\t\t\t\t<div class=\"elementor-widget-container\">\n\t\t\t\t\t<h2 class=\"elementor-heading-title elementor-size-default\">Let's talk ?<\/h2>\t\t\t\t<\/div>\n\t\t\t\t<\/div>\n\t\t\t\t<div class=\"elementor-element elementor-element-301ef4c elementor-widget elementor-widget-text-editor\" data-id=\"301ef4c\" data-element_type=\"widget\" data-widget_type=\"text-editor.default\">\n\t\t\t\t<div class=\"elementor-widget-container\">\n\t\t\t\t\t\t\t\t\t<p class=\"p1\"><strong><span class=\"s1\">Nous ne vendons pas de conseil : nous testons vos d\u00e9cisions avant qu\u2019elles ne co\u00fbtent cher \u00e0 votre entreprise.\u00a0<\/span><\/strong><\/p><p class=\"p1\"><span class=\"s1\">Et c\u2019est exactement pour \u00e7a que nous ne sommes pas l\u00e0 pour vous flatter : <strong>cette<\/strong><\/span><strong><span class=\"s1\"> premi\u00e8re r\u00e9union, c\u2019est vous !<\/span><\/strong><\/p><p class=\"p1\"><span class=\"s1\">En 90 minutes, vous vivrez notre protocole de simulation cognitive : d\u00e9couvrir votre profil de d\u00e9cideur, identifier vos angles morts et ressentir, sans d\u00e9tour, ce qui vous emp\u00eache de transformer votre entreprise en <\/span><span class=\"s2\">Business of Experience<\/span><span class=\"s1\">.<\/span><\/p><p class=\"p1\"><span class=\"s1\">Ce n\u2019est que le premier pas. Si vous n\u2019avez pas peur de voir ce que personne d\u2019autre n\u2019ose regarder, continuez. Si vous voulez vraiment vous confronter \u00e0 la r\u00e9alit\u00e9, <\/span><strong><span class=\"s2\">r\u00e9servez votre session.<\/span><span class=\"s1\">.<\/span><\/strong><\/p>\t\t\t\t\t\t\t\t<\/div>\n\t\t\t\t<\/div>\n\t\t\t\t\t<\/div>\n\t\t<\/div>\n\t\t\t\t\t<\/div>\n\t\t<\/section>\n\t\t\t\t<section class=\"elementor-section elementor-top-section elementor-element elementor-element-2324b96 elementor-section-boxed elementor-section-height-default elementor-section-height-default\" data-id=\"2324b96\" data-element_type=\"section\" data-settings=\"{&quot;background_background&quot;:&quot;video&quot;,&quot;background_video_link&quot;:&quot;https:\\\/\\\/happytrack.app\\\/wp-content\\\/uploads\\\/2021\\\/10\\\/342241033.mp4&quot;,&quot;background_play_on_mobile&quot;:&quot;yes&quot;}\">\n\t\t\t\t\t\t\t\t<div class=\"elementor-background-video-container\">\n\t\t\t\t\t\t\t\t\t\t\t\t\t<video class=\"elementor-background-video-hosted\" autoplay muted playsinline loop><\/video>\n\t\t\t\t\t\t\t\t\t\t\t<\/div>\n\t\t\t\t\t\t\t\t\t<div class=\"elementor-background-overlay\"><\/div>\n\t\t\t\t\t\t\t<div class=\"elementor-container elementor-column-gap-default\">\n\t\t\t\t\t<div class=\"elementor-column elementor-col-50 elementor-top-column elementor-element elementor-element-be07605\" data-id=\"be07605\" data-element_type=\"column\">\n\t\t\t<div class=\"elementor-widget-wrap\">\n\t\t\t\t\t\t\t<\/div>\n\t\t<\/div>\n\t\t\t\t<div class=\"elementor-column elementor-col-50 elementor-top-column elementor-element elementor-element-0d28194\" data-id=\"0d28194\" data-element_type=\"column\">\n\t\t\t<div class=\"elementor-widget-wrap elementor-element-populated\">\n\t\t\t\t\t\t<div class=\"elementor-element elementor-element-2992895 elementor-widget elementor-widget-spacer\" data-id=\"2992895\" data-element_type=\"widget\" data-widget_type=\"spacer.default\">\n\t\t\t\t<div class=\"elementor-widget-container\">\n\t\t\t\t\t\t\t<div class=\"elementor-spacer\">\n\t\t\t<div class=\"elementor-spacer-inner\"><\/div>\n\t\t<\/div>\n\t\t\t\t\t\t<\/div>\n\t\t\t\t<\/div>\n\t\t\t\t<div class=\"elementor-element elementor-element-8bbad73 elementor-widget elementor-widget-text-editor\" data-id=\"8bbad73\" data-element_type=\"widget\" data-widget_type=\"text-editor.default\">\n\t\t\t\t<div class=\"elementor-widget-container\">\n\t\t\t\t\t\t\t\t\t<iframe src=\"https:\/\/calendly.com\/happytrack\/bxi\" width=\"100%\" height=\"750\" scrolling=\"no\"><\/iframe>\t\t\t\t\t\t\t\t<\/div>\n\t\t\t\t<\/div>\n\t\t\t\t<div class=\"elementor-element elementor-element-077e477 elementor-widget elementor-widget-spacer\" data-id=\"077e477\" data-element_type=\"widget\" data-widget_type=\"spacer.default\">\n\t\t\t\t<div class=\"elementor-widget-container\">\n\t\t\t\t\t\t\t<div class=\"elementor-spacer\">\n\t\t\t<div class=\"elementor-spacer-inner\"><\/div>\n\t\t<\/div>\n\t\t\t\t\t\t<\/div>\n\t\t\t\t<\/div>\n\t\t\t\t\t<\/div>\n\t\t<\/div>\n\t\t\t\t\t<\/div>\n\t\t<\/section>\n\t\t\t\t<section class=\"elementor-section elementor-top-section elementor-element elementor-element-65a9f5d elementor-section-boxed elementor-section-height-default elementor-section-height-default\" data-id=\"65a9f5d\" data-element_type=\"section\">\n\t\t\t\t\t\t<div class=\"elementor-container elementor-column-gap-default\">\n\t\t\t\t\t<div class=\"elementor-column elementor-col-100 elementor-top-column elementor-element elementor-element-7194a7d\" data-id=\"7194a7d\" data-element_type=\"column\">\n\t\t\t<div class=\"elementor-widget-wrap elementor-element-populated\">\n\t\t\t\t\t\t<div class=\"elementor-element elementor-element-953ed82 elementor-widget elementor-widget-text-editor\" data-id=\"953ed82\" data-element_type=\"widget\" data-widget_type=\"text-editor.default\">\n\t\t\t\t<div class=\"elementor-widget-container\">\n\t\t\t\t\t\t\t\t\t<p>PS : Pour ceux qui pr\u00e9f\u00e8rent quelque chose de plus informel ou \u201csans engagement\u201d, sachez que vous pourriez bien cacher plus d\u2019angles morts que vous ne le pensez \ud83d\ude09\u00a0<\/p><p>Chaque rencontre est comme une consultation m\u00e9dicale : un diagnostic exigeant pour d\u00e9terminer le traitement. Pas de rem\u00e8des de confort pr\u00e9emball\u00e9s par l\u2019IA \u00e0 emporter chez vous.<\/p>\t\t\t\t\t\t\t\t<\/div>\n\t\t\t\t<\/div>\n\t\t\t\t<div class=\"elementor-element elementor-element-85228f4 elementor-widget elementor-widget-spacer\" data-id=\"85228f4\" data-element_type=\"widget\" data-widget_type=\"spacer.default\">\n\t\t\t\t<div class=\"elementor-widget-container\">\n\t\t\t\t\t\t\t<div class=\"elementor-spacer\">\n\t\t\t<div class=\"elementor-spacer-inner\"><\/div>\n\t\t<\/div>\n\t\t\t\t\t\t<\/div>\n\t\t\t\t<\/div>\n\t\t\t\t\t<\/div>\n\t\t<\/div>\n\t\t\t\t\t<\/div>\n\t\t<\/section>\n\t\t\t\t<\/div>","protected":false},"excerpt":{"rendered":"<p>Speak with HappyTeam!<\/p>","protected":false},"author":1,"featured_media":16684,"parent":0,"menu_order":0,"comment_status":"closed","ping_status":"closed","template":"page-templates\/page_front-page.php","meta":{"advanced_seo_description":"","jetpack_seo_html_title":"","jetpack_seo_noindex":false,"_joinchat":[],"footnotes":""},"class_list":["post-16682","page","type-page","status-publish","has-post-thumbnail","hentry"],"jetpack_shortlink":"https:\/\/wp.me\/Pbif53-4l4","jetpack_sharing_enabled":true,"_links":{"self":[{"href":"https:\/\/happytrack.app\/fr\/wp-json\/wp\/v2\/pages\/16682","targetHints":{"allow":["GET"]}}],"collection":[{"href":"https:\/\/happytrack.app\/fr\/wp-json\/wp\/v2\/pages"}],"about":[{"href":"https:\/\/happytrack.app\/fr\/wp-json\/wp\/v2\/types\/page"}],"author":[{"embeddable":true,"href":"https:\/\/happytrack.app\/fr\/wp-json\/wp\/v2\/users\/1"}],"replies":[{"embeddable":true,"href":"https:\/\/happytrack.app\/fr\/wp-json\/wp\/v2\/comments?post=16682"}],"version-history":[{"count":32,"href":"https:\/\/happytrack.app\/fr\/wp-json\/wp\/v2\/pages\/16682\/revisions"}],"predecessor-version":[{"id":27036,"href":"https:\/\/happytrack.app\/fr\/wp-json\/wp\/v2\/pages\/16682\/revisions\/27036"}],"wp:featuredmedia":[{"embeddable":true,"href":"https:\/\/happytrack.app\/fr\/wp-json\/wp\/v2\/media\/16684"}],"wp:attachment":[{"href":"https:\/\/happytrack.app\/fr\/wp-json\/wp\/v2\/media?parent=16682"}],"curies":[{"name":"wp","href":"https:\/\/api.w.org\/{rel}","templated":true}]}}