{"id":21047,"date":"2023-07-25T01:14:58","date_gmt":"2023-07-25T01:14:58","guid":{"rendered":"https:\/\/happytrack.app\/?page_id=21047"},"modified":"2024-04-08T11:16:26","modified_gmt":"2024-04-08T11:16:26","slug":"content","status":"publish","type":"page","link":"https:\/\/happytrack.app\/fr\/content\/","title":{"rendered":"Content"},"content":{"rendered":"<div data-elementor-type=\"wp-page\" data-elementor-id=\"21047\" class=\"elementor elementor-21047\">\n\t\t\t\t\t\t<section class=\"elementor-section elementor-top-section elementor-element elementor-element-b8f6886 elementor-section-boxed elementor-section-height-default elementor-section-height-default\" data-id=\"b8f6886\" data-element_type=\"section\" data-settings=\"{&quot;background_background&quot;:&quot;classic&quot;}\">\n\t\t\t\t\t\t<div class=\"elementor-container elementor-column-gap-default\">\n\t\t\t\t\t<div class=\"elementor-column elementor-col-100 elementor-top-column elementor-element elementor-element-0a70310\" data-id=\"0a70310\" data-element_type=\"column\">\n\t\t\t<div class=\"elementor-widget-wrap elementor-element-populated\">\n\t\t\t\t\t\t<div class=\"elementor-element elementor-element-c0322ea elementor-widget elementor-widget-spacer\" data-id=\"c0322ea\" data-element_type=\"widget\" data-widget_type=\"spacer.default\">\n\t\t\t\t<div class=\"elementor-widget-container\">\n\t\t\t\t\t\t\t<div class=\"elementor-spacer\">\n\t\t\t<div class=\"elementor-spacer-inner\"><\/div>\n\t\t<\/div>\n\t\t\t\t\t\t<\/div>\n\t\t\t\t<\/div>\n\t\t\t\t<div class=\"elementor-element elementor-element-2c5ab4f elementor-widget elementor-widget-heading\" data-id=\"2c5ab4f\" data-element_type=\"widget\" data-widget_type=\"heading.default\">\n\t\t\t\t<div class=\"elementor-widget-container\">\n\t\t\t\t\t<h2 class=\"elementor-heading-title elementor-size-default\">Nos Contenus <\/h2>\t\t\t\t<\/div>\n\t\t\t\t<\/div>\n\t\t\t\t<div class=\"elementor-element elementor-element-adec591 elementor-widget elementor-widget-text-editor\" data-id=\"adec591\" data-element_type=\"widget\" data-widget_type=\"text-editor.default\">\n\t\t\t\t<div class=\"elementor-widget-container\">\n\t\t\t\t\t\t\t\t\t<p>Id\u00e9es et astuces pour accro\u00eetre la comp\u00e9titivit\u00e9 de votre entreprise gr\u00e2ce \u00e0 la gestion d'une exp\u00e9rience client optimale (bient\u00f4t disponible en Fran\u00e7ais)<\/p>\t\t\t\t\t\t\t\t<\/div>\n\t\t\t\t<\/div>\n\t\t\t\t<div class=\"elementor-element elementor-element-bd296e7 elementor-widget elementor-widget-spacer\" data-id=\"bd296e7\" data-element_type=\"widget\" data-widget_type=\"spacer.default\">\n\t\t\t\t<div class=\"elementor-widget-container\">\n\t\t\t\t\t\t\t<div class=\"elementor-spacer\">\n\t\t\t<div class=\"elementor-spacer-inner\"><\/div>\n\t\t<\/div>\n\t\t\t\t\t\t<\/div>\n\t\t\t\t<\/div>\n\t\t\t\t\t<\/div>\n\t\t<\/div>\n\t\t\t\t\t<\/div>\n\t\t<\/section>\n\t\t\t\t<section class=\"elementor-section elementor-top-section elementor-element elementor-element-3017e85 elementor-section-full_width elementor-reverse-mobile elementor-section-height-default elementor-section-height-default\" data-id=\"3017e85\" data-element_type=\"section\">\n\t\t\t\t\t\t<div class=\"elementor-container elementor-column-gap-default\">\n\t\t\t\t\t<div class=\"elementor-column elementor-col-50 elementor-top-column elementor-element elementor-element-7681be9\" data-id=\"7681be9\" data-element_type=\"column\">\n\t\t\t<div class=\"elementor-widget-wrap elementor-element-populated\">\n\t\t\t\t\t\t<div class=\"elementor-element elementor-element-6a17b6d elementor-invisible elementor-widget elementor-widget-heading\" data-id=\"6a17b6d\" data-element_type=\"widget\" data-settings=\"{&quot;_animation&quot;:&quot;fadeInLeft&quot;}\" data-widget_type=\"heading.default\">\n\t\t\t\t<div class=\"elementor-widget-container\">\n\t\t\t\t\t<h2 class=\"elementor-heading-title elementor-size-default\">Cha\u00eene Youtube : <p>\nHappyTrack en vid\u00e9os<\/h2>\t\t\t\t<\/div>\n\t\t\t\t<\/div>\n\t\t\t\t<div class=\"elementor-element elementor-element-eeb1876 elementor-invisible elementor-widget elementor-widget-text-editor\" data-id=\"eeb1876\" data-element_type=\"widget\" data-settings=\"{&quot;_animation&quot;:&quot;fadeInLeft&quot;}\" data-widget_type=\"text-editor.default\">\n\t\t\t\t<div class=\"elementor-widget-container\">\n\t\t\t\t\t\t\t\t\t<p>Des astuces pour booster votre entreprise gr\u00e2ce \u00e0 la gestion strat\u00e9gique de l'exp\u00e9rience client<\/p>\t\t\t\t\t\t\t\t<\/div>\n\t\t\t\t<\/div>\n\t\t\t\t<div class=\"elementor-element elementor-element-c05442c elementor-invisible elementor-widget elementor-widget-button\" data-id=\"c05442c\" data-element_type=\"widget\" data-settings=\"{&quot;_animation&quot;:&quot;fadeInUp&quot;,&quot;_animation_delay&quot;:200}\" data-widget_type=\"button.default\">\n\t\t\t\t<div class=\"elementor-widget-container\">\n\t\t\t\t\t<style>.elementor-element-c05442c{display:none !important}<\/style>\t\t\t\t<\/div>\n\t\t\t\t<\/div>\n\t\t\t\t<div class=\"elementor-element elementor-element-ea2ab7a elementor-invisible elementor-widget elementor-widget-button\" data-id=\"ea2ab7a\" data-element_type=\"widget\" data-settings=\"{&quot;_animation&quot;:&quot;fadeInUp&quot;,&quot;_animation_delay&quot;:200}\" data-no-translation=\"\" data-widget_type=\"button.default\">\n\t\t\t\t<div class=\"elementor-widget-container\">\n\t\t\t\t\t\t\t\t\t<div class=\"elementor-button-wrapper\">\n\t\t\t\t\t<a class=\"elementor-button elementor-button-link elementor-size-sm\" href=\"https:\/\/www.youtube.com\/channel\/UCxD1bJ2lsi6SzFbpANmozEw\">\n\t\t\t\t\t\t<span class=\"elementor-button-content-wrapper\">\n\t\t\t\t\t\t\t\t\t<span class=\"elementor-button-text\">D\u00e9couvrir notre chaine <\/span>\n\t\t\t\t\t<\/span>\n\t\t\t\t\t<\/a>\n\t\t\t\t<\/div>\n\t\t\t\t\t\t\t\t<\/div>\n\t\t\t\t<\/div>\n\t\t\t\t<div class=\"elementor-element elementor-element-77b9d68 elementor-widget elementor-widget-spacer\" data-id=\"77b9d68\" data-element_type=\"widget\" data-widget_type=\"spacer.default\">\n\t\t\t\t<div class=\"elementor-widget-container\">\n\t\t\t\t\t\t\t<div class=\"elementor-spacer\">\n\t\t\t<div class=\"elementor-spacer-inner\"><\/div>\n\t\t<\/div>\n\t\t\t\t\t\t<\/div>\n\t\t\t\t<\/div>\n\t\t\t\t\t<\/div>\n\t\t<\/div>\n\t\t\t\t<div class=\"elementor-column elementor-col-50 elementor-top-column elementor-element elementor-element-16a92fb\" data-id=\"16a92fb\" data-element_type=\"column\">\n\t\t\t<div class=\"elementor-widget-wrap elementor-element-populated\">\n\t\t\t\t\t\t<div class=\"elementor-element elementor-element-f04e8c8 elementor-invisible elementor-widget elementor-widget-image\" data-id=\"f04e8c8\" data-element_type=\"widget\" data-settings=\"{&quot;_animation&quot;:&quot;fadeInRight&quot;}\" data-widget_type=\"image.default\">\n\t\t\t\t<div class=\"elementor-widget-container\">\n\t\t\t\t\t\t\t\t\t\t\t\t\t\t\t<img fetchpriority=\"high\" decoding=\"async\" width=\"1024\" height=\"819\" src=\"https:\/\/i0.wp.com\/happytrack.app\/wp-content\/uploads\/2023\/07\/19.png?fit=1024%2C819&amp;ssl=1\" class=\"attachment-large size-large wp-image-21054\" alt=\"\" srcset=\"https:\/\/i0.wp.com\/happytrack.app\/wp-content\/uploads\/2023\/07\/19.png?w=1350&amp;ssl=1 1350w, https:\/\/i0.wp.com\/happytrack.app\/wp-content\/uploads\/2023\/07\/19.png?resize=300%2C240&amp;ssl=1 300w, https:\/\/i0.wp.com\/happytrack.app\/wp-content\/uploads\/2023\/07\/19.png?resize=1024%2C819&amp;ssl=1 1024w, https:\/\/i0.wp.com\/happytrack.app\/wp-content\/uploads\/2023\/07\/19.png?resize=768%2C614&amp;ssl=1 768w, https:\/\/i0.wp.com\/happytrack.app\/wp-content\/uploads\/2023\/07\/19.png?resize=15%2C12&amp;ssl=1 15w, https:\/\/i0.wp.com\/happytrack.app\/wp-content\/uploads\/2023\/07\/19.png?resize=920%2C736&amp;ssl=1 920w, https:\/\/i0.wp.com\/happytrack.app\/wp-content\/uploads\/2023\/07\/19.png?resize=230%2C184&amp;ssl=1 230w, https:\/\/i0.wp.com\/happytrack.app\/wp-content\/uploads\/2023\/07\/19.png?resize=350%2C280&amp;ssl=1 350w, https:\/\/i0.wp.com\/happytrack.app\/wp-content\/uploads\/2023\/07\/19.png?resize=480%2C384&amp;ssl=1 480w, https:\/\/i0.wp.com\/happytrack.app\/wp-content\/uploads\/2023\/07\/19.png?resize=600%2C480&amp;ssl=1 600w\" sizes=\"(max-width: 1024px) 100vw, 1024px\" \/>\t\t\t\t\t\t\t\t\t\t\t\t\t\t\t<\/div>\n\t\t\t\t<\/div>\n\t\t\t\t\t<\/div>\n\t\t<\/div>\n\t\t\t\t\t<\/div>\n\t\t<\/section>\n\t\t\t\t<section class=\"elementor-section elementor-top-section elementor-element elementor-element-c3f5117 elementor-section-full_width elementor-section-height-default elementor-section-height-default\" data-id=\"c3f5117\" data-element_type=\"section\">\n\t\t\t\t\t\t<div class=\"elementor-container elementor-column-gap-default\">\n\t\t\t\t\t<div class=\"elementor-column elementor-col-50 elementor-top-column elementor-element elementor-element-41023be\" data-id=\"41023be\" data-element_type=\"column\">\n\t\t\t<div class=\"elementor-widget-wrap elementor-element-populated\">\n\t\t\t\t\t\t<div class=\"elementor-element elementor-element-8415182 elementor-invisible elementor-widget elementor-widget-image\" data-id=\"8415182\" data-element_type=\"widget\" data-settings=\"{&quot;_animation&quot;:&quot;fadeInLeft&quot;}\" data-widget_type=\"image.default\">\n\t\t\t\t<div class=\"elementor-widget-container\">\n\t\t\t\t\t\t\t\t\t\t\t\t\t\t\t<img decoding=\"async\" width=\"1024\" height=\"819\" src=\"https:\/\/i0.wp.com\/happytrack.app\/wp-content\/uploads\/2023\/07\/16-1.png?fit=1024%2C819&amp;ssl=1\" class=\"attachment-large size-large wp-image-21072\" alt=\"\" srcset=\"https:\/\/i0.wp.com\/happytrack.app\/wp-content\/uploads\/2023\/07\/16-1.png?w=1350&amp;ssl=1 1350w, https:\/\/i0.wp.com\/happytrack.app\/wp-content\/uploads\/2023\/07\/16-1.png?resize=300%2C240&amp;ssl=1 300w, https:\/\/i0.wp.com\/happytrack.app\/wp-content\/uploads\/2023\/07\/16-1.png?resize=1024%2C819&amp;ssl=1 1024w, https:\/\/i0.wp.com\/happytrack.app\/wp-content\/uploads\/2023\/07\/16-1.png?resize=768%2C614&amp;ssl=1 768w, https:\/\/i0.wp.com\/happytrack.app\/wp-content\/uploads\/2023\/07\/16-1.png?resize=15%2C12&amp;ssl=1 15w, https:\/\/i0.wp.com\/happytrack.app\/wp-content\/uploads\/2023\/07\/16-1.png?resize=920%2C736&amp;ssl=1 920w, https:\/\/i0.wp.com\/happytrack.app\/wp-content\/uploads\/2023\/07\/16-1.png?resize=230%2C184&amp;ssl=1 230w, https:\/\/i0.wp.com\/happytrack.app\/wp-content\/uploads\/2023\/07\/16-1.png?resize=350%2C280&amp;ssl=1 350w, https:\/\/i0.wp.com\/happytrack.app\/wp-content\/uploads\/2023\/07\/16-1.png?resize=480%2C384&amp;ssl=1 480w, https:\/\/i0.wp.com\/happytrack.app\/wp-content\/uploads\/2023\/07\/16-1.png?resize=600%2C480&amp;ssl=1 600w\" sizes=\"(max-width: 1024px) 100vw, 1024px\" \/>\t\t\t\t\t\t\t\t\t\t\t\t\t\t\t<\/div>\n\t\t\t\t<\/div>\n\t\t\t\t\t<\/div>\n\t\t<\/div>\n\t\t\t\t<div class=\"elementor-column elementor-col-50 elementor-top-column elementor-element elementor-element-d4dec65\" data-id=\"d4dec65\" data-element_type=\"column\">\n\t\t\t<div class=\"elementor-widget-wrap elementor-element-populated\">\n\t\t\t\t\t\t<div class=\"elementor-element elementor-element-6f9a4ea elementor-invisible elementor-widget elementor-widget-heading\" data-id=\"6f9a4ea\" data-element_type=\"widget\" data-settings=\"{&quot;_animation&quot;:&quot;fadeInRight&quot;}\" data-widget_type=\"heading.default\">\n\t\t\t\t<div class=\"elementor-widget-container\">\n\t\t\t\t\t<h2 class=\"elementor-heading-title elementor-size-default\">Le Guide : <p>Les 12 erreurs qui emp\u00eachent les entreprises de devenir des Business of Experience<\/h2>\t\t\t\t<\/div>\n\t\t\t\t<\/div>\n\t\t\t\t<div class=\"elementor-element elementor-element-26b35b6 elementor-invisible elementor-widget elementor-widget-text-editor\" data-id=\"26b35b6\" data-element_type=\"widget\" data-settings=\"{&quot;_animation&quot;:&quot;fadeInRight&quot;}\" data-widget_type=\"text-editor.default\">\n\t\t\t\t<div class=\"elementor-widget-container\">\n\t\t\t\t\t\t\t\t\t<p>D\u00e9couvrez les secrets qui emp\u00eachent peut-\u00eatre votre entreprise d'atteindre le plus haut niveau d'exp\u00e9rience client ! Dans cet article, nous allons plonger dans les principales erreurs qui \u00e9loignent les entreprises de devenir un v\u00e9ritable Business of Experience.<\/p>\t\t\t\t\t\t\t\t<\/div>\n\t\t\t\t<\/div>\n\t\t\t\t<div class=\"elementor-element elementor-element-7d5a700 elementor-invisible elementor-widget elementor-widget-button\" data-id=\"7d5a700\" data-element_type=\"widget\" data-settings=\"{&quot;_animation&quot;:&quot;fadeInUp&quot;,&quot;_animation_delay&quot;:200}\" data-widget_type=\"button.default\">\n\t\t\t\t<div class=\"elementor-widget-container\">\n\t\t\t\t\t\t\t\t\t<div class=\"elementor-button-wrapper\">\n\t\t\t\t\t<a class=\"elementor-button elementor-button-link elementor-size-sm\" href=\"https:\/\/happytrack.app\/12-steps-business-of-experience\/\" target=\"_blank\">\n\t\t\t\t\t\t<span class=\"elementor-button-content-wrapper\">\n\t\t\t\t\t\t\t\t\t<span class=\"elementor-button-text\">Cliquez ici<\/span>\n\t\t\t\t\t<\/span>\n\t\t\t\t\t<\/a>\n\t\t\t\t<\/div>\n\t\t\t\t\t\t\t\t<\/div>\n\t\t\t\t<\/div>\n\t\t\t\t\t<\/div>\n\t\t<\/div>\n\t\t\t\t\t<\/div>\n\t\t<\/section>\n\t\t\t\t<section class=\"elementor-section elementor-top-section elementor-element elementor-element-40fe4bf elementor-section-full_width elementor-reverse-mobile elementor-section-height-default elementor-section-height-default\" data-id=\"40fe4bf\" data-element_type=\"section\">\n\t\t\t\t\t\t<div class=\"elementor-container elementor-column-gap-default\">\n\t\t\t\t\t<div class=\"elementor-column elementor-col-50 elementor-top-column elementor-element elementor-element-4d97ffa\" data-id=\"4d97ffa\" data-element_type=\"column\">\n\t\t\t<div class=\"elementor-widget-wrap elementor-element-populated\">\n\t\t\t\t\t\t<div class=\"elementor-element elementor-element-dccf099 elementor-invisible elementor-widget elementor-widget-heading\" data-id=\"dccf099\" data-element_type=\"widget\" data-settings=\"{&quot;_animation&quot;:&quot;fadeInLeft&quot;}\" data-widget_type=\"heading.default\">\n\t\t\t\t<div class=\"elementor-widget-container\">\n\t\t\t\t\t<h2 class=\"elementor-heading-title elementor-size-default\">E-book: <p>\nLes 5 d\u00e9fis de la gestion de l'exp\u00e9rience client<\/h2>\t\t\t\t<\/div>\n\t\t\t\t<\/div>\n\t\t\t\t<div class=\"elementor-element elementor-element-13a685e elementor-invisible elementor-widget elementor-widget-text-editor\" data-id=\"13a685e\" data-element_type=\"widget\" data-settings=\"{&quot;_animation&quot;:&quot;fadeInLeft&quot;}\" data-widget_type=\"text-editor.default\">\n\t\t\t\t<div class=\"elementor-widget-container\">\n\t\t\t\t\t\t\t\t\t<p>Bient\u00f4t en Fran\u00e7ais<\/p>\t\t\t\t\t\t\t\t<\/div>\n\t\t\t\t<\/div>\n\t\t\t\t<div class=\"elementor-element elementor-element-c489a66 elementor-invisible elementor-widget elementor-widget-button\" data-id=\"c489a66\" data-element_type=\"widget\" data-settings=\"{&quot;_animation&quot;:&quot;fadeInUp&quot;,&quot;_animation_delay&quot;:200}\" data-widget_type=\"button.default\">\n\t\t\t\t<div class=\"elementor-widget-container\">\n\t\t\t\t\t\t\t\t\t<div class=\"elementor-button-wrapper\">\n\t\t\t\t\t<a class=\"elementor-button elementor-button-link elementor-size-sm\" href=\"https:\/\/happytrack.app\/e-book-5-desafios-de-cxm\/\" target=\"_blank\">\n\t\t\t\t\t\t<span class=\"elementor-button-content-wrapper\">\n\t\t\t\t\t\t\t\t\t<span class=\"elementor-button-text\">Cliquez ici<\/span>\n\t\t\t\t\t<\/span>\n\t\t\t\t\t<\/a>\n\t\t\t\t<\/div>\n\t\t\t\t\t\t\t\t<\/div>\n\t\t\t\t<\/div>\n\t\t\t\t\t<\/div>\n\t\t<\/div>\n\t\t\t\t<div class=\"elementor-column elementor-col-50 elementor-top-column elementor-element elementor-element-d81ac40\" data-id=\"d81ac40\" data-element_type=\"column\">\n\t\t\t<div class=\"elementor-widget-wrap elementor-element-populated\">\n\t\t\t\t\t\t<div class=\"elementor-element elementor-element-f55a196 elementor-invisible elementor-widget elementor-widget-image\" data-id=\"f55a196\" data-element_type=\"widget\" data-settings=\"{&quot;_animation&quot;:&quot;fadeInRight&quot;}\" data-widget_type=\"image.default\">\n\t\t\t\t<div class=\"elementor-widget-container\">\n\t\t\t\t\t\t\t\t\t\t\t\t\t\t\t<img decoding=\"async\" width=\"1024\" height=\"819\" src=\"https:\/\/i0.wp.com\/happytrack.app\/wp-content\/uploads\/2023\/07\/17-1.png?fit=1024%2C819&amp;ssl=1\" class=\"attachment-large size-large wp-image-21082\" alt=\"\" srcset=\"https:\/\/i0.wp.com\/happytrack.app\/wp-content\/uploads\/2023\/07\/17-1.png?w=1350&amp;ssl=1 1350w, https:\/\/i0.wp.com\/happytrack.app\/wp-content\/uploads\/2023\/07\/17-1.png?resize=300%2C240&amp;ssl=1 300w, https:\/\/i0.wp.com\/happytrack.app\/wp-content\/uploads\/2023\/07\/17-1.png?resize=1024%2C819&amp;ssl=1 1024w, https:\/\/i0.wp.com\/happytrack.app\/wp-content\/uploads\/2023\/07\/17-1.png?resize=768%2C614&amp;ssl=1 768w, https:\/\/i0.wp.com\/happytrack.app\/wp-content\/uploads\/2023\/07\/17-1.png?resize=15%2C12&amp;ssl=1 15w, https:\/\/i0.wp.com\/happytrack.app\/wp-content\/uploads\/2023\/07\/17-1.png?resize=920%2C736&amp;ssl=1 920w, https:\/\/i0.wp.com\/happytrack.app\/wp-content\/uploads\/2023\/07\/17-1.png?resize=230%2C184&amp;ssl=1 230w, https:\/\/i0.wp.com\/happytrack.app\/wp-content\/uploads\/2023\/07\/17-1.png?resize=350%2C280&amp;ssl=1 350w, https:\/\/i0.wp.com\/happytrack.app\/wp-content\/uploads\/2023\/07\/17-1.png?resize=480%2C384&amp;ssl=1 480w, https:\/\/i0.wp.com\/happytrack.app\/wp-content\/uploads\/2023\/07\/17-1.png?resize=600%2C480&amp;ssl=1 600w\" sizes=\"(max-width: 1024px) 100vw, 1024px\" \/>\t\t\t\t\t\t\t\t\t\t\t\t\t\t\t<\/div>\n\t\t\t\t<\/div>\n\t\t\t\t\t<\/div>\n\t\t<\/div>\n\t\t\t\t\t<\/div>\n\t\t<\/section>\n\t\t\t\t<section class=\"elementor-section elementor-top-section elementor-element elementor-element-ed2ea5f elementor-section-boxed elementor-section-height-default elementor-section-height-default\" data-id=\"ed2ea5f\" data-element_type=\"section\">\n\t\t\t\t\t\t<div class=\"elementor-container elementor-column-gap-default\">\n\t\t\t\t\t<div class=\"elementor-column elementor-col-50 elementor-top-column elementor-element elementor-element-2e15dd6\" data-id=\"2e15dd6\" data-element_type=\"column\">\n\t\t\t<div class=\"elementor-widget-wrap elementor-element-populated\">\n\t\t\t\t\t\t<div class=\"elementor-element elementor-element-6c9198f elementor-widget elementor-widget-image\" data-id=\"6c9198f\" data-element_type=\"widget\" data-widget_type=\"image.default\">\n\t\t\t\t<div class=\"elementor-widget-container\">\n\t\t\t\t\t\t\t\t\t\t\t\t\t\t\t<img loading=\"lazy\" decoding=\"async\" width=\"1024\" height=\"819\" src=\"https:\/\/i0.wp.com\/happytrack.app\/wp-content\/uploads\/2023\/07\/Copie-de-12-Steps-1.png?fit=1024%2C819&amp;ssl=1\" class=\"attachment-large size-large wp-image-21668\" alt=\"\" srcset=\"https:\/\/i0.wp.com\/happytrack.app\/wp-content\/uploads\/2023\/07\/Copie-de-12-Steps-1.png?w=1350&amp;ssl=1 1350w, https:\/\/i0.wp.com\/happytrack.app\/wp-content\/uploads\/2023\/07\/Copie-de-12-Steps-1.png?resize=300%2C240&amp;ssl=1 300w, https:\/\/i0.wp.com\/happytrack.app\/wp-content\/uploads\/2023\/07\/Copie-de-12-Steps-1.png?resize=1024%2C819&amp;ssl=1 1024w, https:\/\/i0.wp.com\/happytrack.app\/wp-content\/uploads\/2023\/07\/Copie-de-12-Steps-1.png?resize=768%2C614&amp;ssl=1 768w, https:\/\/i0.wp.com\/happytrack.app\/wp-content\/uploads\/2023\/07\/Copie-de-12-Steps-1.png?resize=15%2C12&amp;ssl=1 15w, https:\/\/i0.wp.com\/happytrack.app\/wp-content\/uploads\/2023\/07\/Copie-de-12-Steps-1.png?resize=920%2C736&amp;ssl=1 920w, https:\/\/i0.wp.com\/happytrack.app\/wp-content\/uploads\/2023\/07\/Copie-de-12-Steps-1.png?resize=230%2C184&amp;ssl=1 230w, https:\/\/i0.wp.com\/happytrack.app\/wp-content\/uploads\/2023\/07\/Copie-de-12-Steps-1.png?resize=350%2C280&amp;ssl=1 350w, https:\/\/i0.wp.com\/happytrack.app\/wp-content\/uploads\/2023\/07\/Copie-de-12-Steps-1.png?resize=480%2C384&amp;ssl=1 480w, https:\/\/i0.wp.com\/happytrack.app\/wp-content\/uploads\/2023\/07\/Copie-de-12-Steps-1.png?resize=600%2C480&amp;ssl=1 600w\" sizes=\"(max-width: 1024px) 100vw, 1024px\" \/>\t\t\t\t\t\t\t\t\t\t\t\t\t\t\t<\/div>\n\t\t\t\t<\/div>\n\t\t\t\t\t<\/div>\n\t\t<\/div>\n\t\t\t\t<div class=\"elementor-column elementor-col-50 elementor-top-column elementor-element elementor-element-e6fde64\" data-id=\"e6fde64\" data-element_type=\"column\">\n\t\t\t<div class=\"elementor-widget-wrap elementor-element-populated\">\n\t\t\t\t\t\t<div class=\"elementor-element elementor-element-38058d4 elementor-widget elementor-widget-heading\" data-id=\"38058d4\" data-element_type=\"widget\" data-widget_type=\"heading.default\">\n\t\t\t\t<div class=\"elementor-widget-container\">\n\t\t\t\t\t<h2 class=\"elementor-heading-title elementor-size-default\">Myopie en Customer Experience<\/h2>\t\t\t\t<\/div>\n\t\t\t\t<\/div>\n\t\t\t\t<div class=\"elementor-element elementor-element-a9fbc94 elementor-widget elementor-widget-text-editor\" data-id=\"a9fbc94\" data-element_type=\"widget\" data-widget_type=\"text-editor.default\">\n\t\t\t\t<div class=\"elementor-widget-container\">\n\t\t\t\t\t\t\t\t\t<p>Si vous pensez que l'exp\u00e9rience client se r\u00e9sume \u00e0 vente et au service client, il est temps de reconsid\u00e9rer votre position. La myopie en mati\u00e8re d'exp\u00e9rience client peut saper votre potentiel. D\u00e9couvrez les signes et les strat\u00e9gies pour transformer votre entreprise en une Business of Experience. (Bient\u00f4t disponible en Fran\u00e7ais)<\/p>\t\t\t\t\t\t\t\t<\/div>\n\t\t\t\t<\/div>\n\t\t\t\t<div class=\"elementor-element elementor-element-2966e37 elementor-widget elementor-widget-button\" data-id=\"2966e37\" data-element_type=\"widget\" data-widget_type=\"button.default\">\n\t\t\t\t<div class=\"elementor-widget-container\">\n\t\t\t\t\t\t\t\t\t<div class=\"elementor-button-wrapper\">\n\t\t\t\t\t<a class=\"elementor-button elementor-button-link elementor-size-sm\" href=\"https:\/\/estrategiadescomplicada.com.br\/miopia-em-customer-experience\/\">\n\t\t\t\t\t\t<span class=\"elementor-button-content-wrapper\">\n\t\t\t\t\t\t\t\t\t<span class=\"elementor-button-text\">Cliquez ici<\/span>\n\t\t\t\t\t<\/span>\n\t\t\t\t\t<\/a>\n\t\t\t\t<\/div>\n\t\t\t\t\t\t\t\t<\/div>\n\t\t\t\t<\/div>\n\t\t\t\t\t<\/div>\n\t\t<\/div>\n\t\t\t\t\t<\/div>\n\t\t<\/section>\n\t\t\t\t<section class=\"elementor-section elementor-top-section elementor-element elementor-element-9d71b8c elementor-section-boxed elementor-section-height-default elementor-section-height-default\" data-id=\"9d71b8c\" data-element_type=\"section\" data-settings=\"{&quot;background_background&quot;:&quot;classic&quot;}\">\n\t\t\t\t\t\t<div class=\"elementor-container elementor-column-gap-default\">\n\t\t\t\t\t<div class=\"elementor-column elementor-col-100 elementor-top-column elementor-element elementor-element-b340bc1\" data-id=\"b340bc1\" data-element_type=\"column\">\n\t\t\t<div class=\"elementor-widget-wrap elementor-element-populated\">\n\t\t\t\t\t\t<div class=\"elementor-element elementor-element-08123bb elementor-widget elementor-widget-spacer\" data-id=\"08123bb\" data-element_type=\"widget\" data-widget_type=\"spacer.default\">\n\t\t\t\t<div class=\"elementor-widget-container\">\n\t\t\t\t\t\t\t<div class=\"elementor-spacer\">\n\t\t\t<div class=\"elementor-spacer-inner\"><\/div>\n\t\t<\/div>\n\t\t\t\t\t\t<\/div>\n\t\t\t\t<\/div>\n\t\t\t\t<div class=\"elementor-element elementor-element-cdc2506 elementor-widget elementor-widget-heading\" data-id=\"cdc2506\" data-element_type=\"widget\" data-widget_type=\"heading.default\">\n\t\t\t\t<div class=\"elementor-widget-container\">\n\t\t\t\t\t<h2 class=\"elementor-heading-title elementor-size-default\">Inscrivez-vous \u00e0 notre newsletter !<\/h2>\t\t\t\t<\/div>\n\t\t\t\t<\/div>\n\t\t\t\t<div class=\"elementor-element elementor-element-a469f05 eael-contact-form-7-button-align-left eael-contact-form-7-button-custom elementor-widget elementor-widget-eael-contact-form-7\" data-id=\"a469f05\" data-element_type=\"widget\" data-no-translation=\"\" data-widget_type=\"eael-contact-form-7.default\">\n\t\t\t\t<div class=\"elementor-widget-container\">\n\t\t\t\t\t<style>.elementor-element-a469f05{display:none !important}<\/style>\t\t\t\t<\/div>\n\t\t\t\t<\/div>\n\t\t\t\t<div class=\"elementor-element elementor-element-a3ccd00 elementor-align-center elementor-widget elementor-widget-button\" data-id=\"a3ccd00\" data-element_type=\"widget\" data-widget_type=\"button.default\">\n\t\t\t\t<div class=\"elementor-widget-container\">\n\t\t\t\t\t\t\t\t\t<div class=\"elementor-button-wrapper\">\n\t\t\t\t\t<a class=\"elementor-button elementor-button-link elementor-size-sm\" href=\"https:\/\/www.linkedin.com\/newsletters\/happy-insights-7107139079720300544\/\" target=\"_blank\">\n\t\t\t\t\t\t<span class=\"elementor-button-content-wrapper\">\n\t\t\t\t\t\t\t\t\t<span class=\"elementor-button-text\">Acc\u00e9dez \u00e0 Happy Insights sur LinkedIn<\/span>\n\t\t\t\t\t<\/span>\n\t\t\t\t\t<\/a>\n\t\t\t\t<\/div>\n\t\t\t\t\t\t\t\t<\/div>\n\t\t\t\t<\/div>\n\t\t\t\t<div class=\"elementor-element elementor-element-300a93a elementor-widget elementor-widget-spacer\" data-id=\"300a93a\" data-element_type=\"widget\" data-widget_type=\"spacer.default\">\n\t\t\t\t<div class=\"elementor-widget-container\">\n\t\t\t\t\t\t\t<div class=\"elementor-spacer\">\n\t\t\t<div class=\"elementor-spacer-inner\"><\/div>\n\t\t<\/div>\n\t\t\t\t\t\t<\/div>\n\t\t\t\t<\/div>\n\t\t\t\t\t<\/div>\n\t\t<\/div>\n\t\t\t\t\t<\/div>\n\t\t<\/section>\n\t\t\t\t<\/div>","protected":false},"excerpt":{"rendered":"<p>Nossos Conte\u00fados Insights e dicas para aumentar a competitividade da sua empresa [&hellip;]<\/p>","protected":false},"author":1,"featured_media":0,"parent":0,"menu_order":0,"comment_status":"closed","ping_status":"closed","template":"page-templates\/page_front-page.php","meta":{"advanced_seo_description":"","jetpack_seo_html_title":"","jetpack_seo_noindex":false,"_joinchat":[],"footnotes":""},"class_list":["post-21047","page","type-page","status-publish","hentry"],"jetpack_shortlink":"https:\/\/wp.me\/Pbif53-5tt","jetpack_sharing_enabled":true,"_links":{"self":[{"href":"https:\/\/happytrack.app\/fr\/wp-json\/wp\/v2\/pages\/21047","targetHints":{"allow":["GET"]}}],"collection":[{"href":"https:\/\/happytrack.app\/fr\/wp-json\/wp\/v2\/pages"}],"about":[{"href":"https:\/\/happytrack.app\/fr\/wp-json\/wp\/v2\/types\/page"}],"author":[{"embeddable":true,"href":"https:\/\/happytrack.app\/fr\/wp-json\/wp\/v2\/users\/1"}],"replies":[{"embeddable":true,"href":"https:\/\/happytrack.app\/fr\/wp-json\/wp\/v2\/comments?post=21047"}],"version-history":[{"count":99,"href":"https:\/\/happytrack.app\/fr\/wp-json\/wp\/v2\/pages\/21047\/revisions"}],"predecessor-version":[{"id":25123,"href":"https:\/\/happytrack.app\/fr\/wp-json\/wp\/v2\/pages\/21047\/revisions\/25123"}],"wp:attachment":[{"href":"https:\/\/happytrack.app\/fr\/wp-json\/wp\/v2\/media?parent=21047"}],"curies":[{"name":"wp","href":"https:\/\/api.w.org\/{rel}","templated":true}]}}