{"id":27157,"date":"2025-11-30T01:32:26","date_gmt":"2025-11-30T01:32:26","guid":{"rendered":"https:\/\/happytrack.app\/?page_id=27157"},"modified":"2025-12-04T09:40:41","modified_gmt":"2025-12-04T09:40:41","slug":"feedback-compet","status":"publish","type":"page","link":"https:\/\/happytrack.app\/fr\/feedback-compet\/","title":{"rendered":"Acc\u00e8s Feedback Compet"},"content":{"rendered":"<div data-elementor-type=\"wp-page\" data-elementor-id=\"27157\" class=\"elementor elementor-27157\">\n\t\t\t\t\t\t<section class=\"elementor-section elementor-top-section elementor-element elementor-element-79d797b elementor-section-boxed elementor-section-height-default elementor-section-height-default\" data-id=\"79d797b\" data-element_type=\"section\">\n\t\t\t\t\t\t<div class=\"elementor-container elementor-column-gap-default\">\n\t\t\t\t\t<div class=\"elementor-column elementor-col-100 elementor-top-column elementor-element elementor-element-be50deb\" data-id=\"be50deb\" data-element_type=\"column\">\n\t\t\t<div class=\"elementor-widget-wrap elementor-element-populated\">\n\t\t\t\t\t\t<div class=\"elementor-element elementor-element-3e0522b elementor-widget elementor-widget-spacer\" data-id=\"3e0522b\" data-element_type=\"widget\" data-widget_type=\"spacer.default\">\n\t\t\t\t<div class=\"elementor-widget-container\">\n\t\t\t\t\t\t\t<div class=\"elementor-spacer\">\n\t\t\t<div class=\"elementor-spacer-inner\"><\/div>\n\t\t<\/div>\n\t\t\t\t\t\t<\/div>\n\t\t\t\t<\/div>\n\t\t\t\t<div class=\"elementor-element elementor-element-41fdf19 elementor-widget elementor-widget-spacer\" data-id=\"41fdf19\" data-element_type=\"widget\" data-widget_type=\"spacer.default\">\n\t\t\t\t<div class=\"elementor-widget-container\">\n\t\t\t\t\t\t\t<div class=\"elementor-spacer\">\n\t\t\t<div class=\"elementor-spacer-inner\"><\/div>\n\t\t<\/div>\n\t\t\t\t\t\t<\/div>\n\t\t\t\t<\/div>\n\t\t\t\t<div class=\"elementor-element elementor-element-d4f2300 elementor-widget elementor-widget-image\" data-id=\"d4f2300\" data-element_type=\"widget\" data-widget_type=\"image.default\">\n\t\t\t\t<div class=\"elementor-widget-container\">\n\t\t\t\t\t\t\t\t\t\t\t\t\t\t\t<img fetchpriority=\"high\" decoding=\"async\" width=\"1200\" height=\"180\" src=\"https:\/\/i0.wp.com\/happytrack.app\/wp-content\/uploads\/2025\/11\/logos-e1764468079696.png?fit=1200%2C180&amp;ssl=1\" class=\"attachment-full size-full wp-image-27162\" alt=\"\" srcset=\"https:\/\/i0.wp.com\/happytrack.app\/wp-content\/uploads\/2025\/11\/logos-e1764468079696.png?w=1200&amp;ssl=1 1200w, https:\/\/i0.wp.com\/happytrack.app\/wp-content\/uploads\/2025\/11\/logos-e1764468079696.png?resize=300%2C45&amp;ssl=1 300w, https:\/\/i0.wp.com\/happytrack.app\/wp-content\/uploads\/2025\/11\/logos-e1764468079696.png?resize=1024%2C154&amp;ssl=1 1024w, https:\/\/i0.wp.com\/happytrack.app\/wp-content\/uploads\/2025\/11\/logos-e1764468079696.png?resize=768%2C115&amp;ssl=1 768w, https:\/\/i0.wp.com\/happytrack.app\/wp-content\/uploads\/2025\/11\/logos-e1764468079696.png?resize=18%2C3&amp;ssl=1 18w, https:\/\/i0.wp.com\/happytrack.app\/wp-content\/uploads\/2025\/11\/logos-e1764468079696.png?resize=920%2C138&amp;ssl=1 920w, https:\/\/i0.wp.com\/happytrack.app\/wp-content\/uploads\/2025\/11\/logos-e1764468079696.png?resize=230%2C35&amp;ssl=1 230w, https:\/\/i0.wp.com\/happytrack.app\/wp-content\/uploads\/2025\/11\/logos-e1764468079696.png?resize=350%2C53&amp;ssl=1 350w, https:\/\/i0.wp.com\/happytrack.app\/wp-content\/uploads\/2025\/11\/logos-e1764468079696.png?resize=480%2C72&amp;ssl=1 480w, https:\/\/i0.wp.com\/happytrack.app\/wp-content\/uploads\/2025\/11\/logos-e1764468079696.png?resize=600%2C90&amp;ssl=1 600w\" sizes=\"(max-width: 1170px) 100vw, 1170px\" \/>\t\t\t\t\t\t\t\t\t\t\t\t\t\t\t<\/div>\n\t\t\t\t<\/div>\n\t\t\t\t\t<\/div>\n\t\t<\/div>\n\t\t\t\t\t<\/div>\n\t\t<\/section>\n\t\t\t\t<section class=\"elementor-section elementor-top-section elementor-element elementor-element-ac98516 elementor-section-boxed elementor-section-height-default elementor-section-height-default\" data-id=\"ac98516\" data-element_type=\"section\">\n\t\t\t\t\t\t<div class=\"elementor-container elementor-column-gap-default\">\n\t\t\t\t\t<div class=\"elementor-column elementor-col-50 elementor-top-column elementor-element elementor-element-b8530cc\" data-id=\"b8530cc\" data-element_type=\"column\">\n\t\t\t<div class=\"elementor-widget-wrap\">\n\t\t\t\t\t\t\t<\/div>\n\t\t<\/div>\n\t\t\t\t<div class=\"elementor-column elementor-col-50 elementor-top-column elementor-element elementor-element-1ecc452\" data-id=\"1ecc452\" data-element_type=\"column\">\n\t\t\t<div class=\"elementor-widget-wrap elementor-element-populated\">\n\t\t\t\t\t\t<div class=\"elementor-element elementor-element-3e91f3a elementor-widget elementor-widget-heading\" data-id=\"3e91f3a\" data-element_type=\"widget\" data-widget_type=\"heading.default\">\n\t\t\t\t<div class=\"elementor-widget-container\">\n\t\t\t\t\t<h2 class=\"elementor-heading-title elementor-size-default\">Feedback &amp; Insights<\/h2>\t\t\t\t<\/div>\n\t\t\t\t<\/div>\n\t\t\t\t\t<\/div>\n\t\t<\/div>\n\t\t\t\t\t<\/div>\n\t\t<\/section>\n\t\t\t\t<section class=\"elementor-section elementor-top-section elementor-element elementor-element-76b8d95 elementor-section-boxed elementor-section-height-default elementor-section-height-default\" data-id=\"76b8d95\" data-element_type=\"section\">\n\t\t\t\t\t\t<div class=\"elementor-container elementor-column-gap-default\">\n\t\t\t\t\t<div class=\"elementor-column elementor-col-50 elementor-top-column elementor-element elementor-element-bf7ee0c\" data-id=\"bf7ee0c\" data-element_type=\"column\">\n\t\t\t<div class=\"elementor-widget-wrap elementor-element-populated\">\n\t\t\t\t\t\t<div class=\"elementor-element elementor-element-c75db6c elementor-widget__width-initial elementor-widget elementor-widget-text-editor\" data-id=\"c75db6c\" data-element_type=\"widget\" data-widget_type=\"text-editor.default\">\n\t\t\t\t<div class=\"elementor-widget-container\">\n\t\t\t\t\t\t\t\t\t<p data-start=\"1579\" data-end=\"1728\">Bienvenue dans <strong>Happycore<\/strong>.<\/p>\n<p data-start=\"180\" data-end=\"254\">Si vous cherchez des r\u00e9ponses faciles, vous risquez de d\u00e9tester cet outil.<\/p>\n<p data-start=\"256\" data-end=\"329\">Ici, on apprend \u00e0 regarder l\u00e0 o\u00f9 les autres pr\u00e9f\u00e8rent d\u00e9tourner les yeux.<\/p>\n<p data-start=\"1579\" data-end=\"1728\"><strong>Votre mission :<\/strong> penser plus loin pour cr\u00e9er mieux.<\/p>\n<p data-start=\"1579\" data-end=\"1728\"><strong>La mienne :<\/strong> vous emp\u00eacher de tourner en rond.<\/p>\n<p data-start=\"1579\" data-end=\"1728\">Si tu veux conna\u00eetre ton score de lucidit\u00e9, taper :&nbsp;<span style=\"text-decoration: underline;\"><span style=\"color: #000000;\"><strong><span style=\"white-space-collapse: preserve;\">Fais mon scoring<\/span><\/strong><\/span><\/span><\/p>\n<p data-start=\"1579\" data-end=\"1728\">Avec les feedbacks de votre jury, reesayez votre discours ici. Tapez : <b><u>Pitch<\/u><\/b><\/p><p data-start=\"1579\" data-end=\"1728\">C&#8217;est parti !<\/p>\t\t\t\t\t\t\t\t<\/div>\n\t\t\t\t<\/div>\n\t\t\t\t\t<\/div>\n\t\t<\/div>\n\t\t\t\t<div class=\"elementor-column elementor-col-50 elementor-top-column elementor-element elementor-element-74297ef\" data-id=\"74297ef\" data-element_type=\"column\">\n\t\t\t<div class=\"elementor-widget-wrap elementor-element-populated\">\n\t\t\t\t\t\t<div class=\"elementor-element elementor-element-39a6a62 elementor-widget elementor-widget-text-editor\" data-id=\"39a6a62\" data-element_type=\"widget\" data-widget_type=\"text-editor.default\">\n\t\t\t\t<div class=\"elementor-widget-container\">\n\t\t\t\t\t\t\t\t\t<iframe\n src=\"https:\/\/udify.app\/chatbot\/oKkCInQXZa5FkKR4\"\n style=\"width: 100%; height: 100%; min-height: 700px\"\n frameborder=\"0\"\n allow=\"microphone\">\n<\/iframe>\t\t\t\t\t\t\t\t<\/div>\n\t\t\t\t<\/div>\n\t\t\t\t<div class=\"elementor-element elementor-element-f2f2d81 elementor-align-right elementor-widget elementor-widget-button\" data-id=\"f2f2d81\" data-element_type=\"widget\" data-widget_type=\"button.default\">\n\t\t\t\t<div class=\"elementor-widget-container\">\n\t\t\t\t\t\t\t\t\t<div class=\"elementor-button-wrapper\">\n\t\t\t\t\t<a class=\"elementor-button elementor-button-link elementor-size-sm\" href=\"https:\/\/survey.happytrack.app\/index.php\/326155?lang=fr\" target=\"_blank\">\n\t\t\t\t\t\t<span class=\"elementor-button-content-wrapper\">\n\t\t\t\t\t\t\t\t\t<span class=\"elementor-button-text\">Evaluer chatbot<\/span>\n\t\t\t\t\t<\/span>\n\t\t\t\t\t<\/a>\n\t\t\t\t<\/div>\n\t\t\t\t\t\t\t\t<\/div>\n\t\t\t\t<\/div>\n\t\t\t\t\t<\/div>\n\t\t<\/div>\n\t\t\t\t\t<\/div>\n\t\t<\/section>\n\t\t\t\t<section class=\"elementor-section elementor-top-section elementor-element elementor-element-678042b elementor-section-boxed elementor-section-height-default elementor-section-height-default\" data-id=\"678042b\" data-element_type=\"section\">\n\t\t\t\t\t\t<div class=\"elementor-container elementor-column-gap-default\">\n\t\t\t\t\t<div class=\"elementor-column elementor-col-100 elementor-top-column elementor-element elementor-element-03581c5\" data-id=\"03581c5\" data-element_type=\"column\">\n\t\t\t<div class=\"elementor-widget-wrap elementor-element-populated\">\n\t\t\t\t\t\t<div class=\"elementor-element elementor-element-c7caa7a elementor-widget elementor-widget-spacer\" data-id=\"c7caa7a\" data-element_type=\"widget\" data-widget_type=\"spacer.default\">\n\t\t\t\t<div class=\"elementor-widget-container\">\n\t\t\t\t\t\t\t<div class=\"elementor-spacer\">\n\t\t\t<div class=\"elementor-spacer-inner\"><\/div>\n\t\t<\/div>\n\t\t\t\t\t\t<\/div>\n\t\t\t\t<\/div>\n\t\t\t\t<div class=\"elementor-element elementor-element-f29184d elementor-widget elementor-widget-text-editor\" data-id=\"f29184d\" data-element_type=\"widget\" data-widget_type=\"text-editor.default\">\n\t\t\t\t<div class=\"elementor-widget-container\">\n\t\t\t\t\t\t\t\t\t<p><em>\u00a9 <\/em>Chatbot test HappyTrack 2025 &#8211; ESP Paris Bachelors<\/p>\t\t\t\t\t\t\t\t<\/div>\n\t\t\t\t<\/div>\n\t\t\t\t\t<\/div>\n\t\t<\/div>\n\t\t\t\t\t<\/div>\n\t\t<\/section>\n\t\t\t\t<\/div>","protected":false},"excerpt":{"rendered":"<p>Feedback &amp; Insights Bienvenue dans Happycore. Si vous cherchez des r\u00e9ponses faciles, [&hellip;]<\/p>","protected":false},"author":1,"featured_media":27078,"parent":0,"menu_order":0,"comment_status":"closed","ping_status":"closed","template":"elementor_canvas","meta":{"advanced_seo_description":"","jetpack_seo_html_title":"","jetpack_seo_noindex":false,"_joinchat":[],"footnotes":""},"class_list":["post-27157","page","type-page","status-publish","has-post-thumbnail","hentry"],"jetpack_shortlink":"https:\/\/wp.me\/Pbif53-741","jetpack_sharing_enabled":true,"_links":{"self":[{"href":"https:\/\/happytrack.app\/fr\/wp-json\/wp\/v2\/pages\/27157","targetHints":{"allow":["GET"]}}],"collection":[{"href":"https:\/\/happytrack.app\/fr\/wp-json\/wp\/v2\/pages"}],"about":[{"href":"https:\/\/happytrack.app\/fr\/wp-json\/wp\/v2\/types\/page"}],"author":[{"embeddable":true,"href":"https:\/\/happytrack.app\/fr\/wp-json\/wp\/v2\/users\/1"}],"replies":[{"embeddable":true,"href":"https:\/\/happytrack.app\/fr\/wp-json\/wp\/v2\/comments?post=27157"}],"version-history":[{"count":23,"href":"https:\/\/happytrack.app\/fr\/wp-json\/wp\/v2\/pages\/27157\/revisions"}],"predecessor-version":[{"id":27290,"href":"https:\/\/happytrack.app\/fr\/wp-json\/wp\/v2\/pages\/27157\/revisions\/27290"}],"wp:featuredmedia":[{"embeddable":true,"href":"https:\/\/happytrack.app\/fr\/wp-json\/wp\/v2\/media\/27078"}],"wp:attachment":[{"href":"https:\/\/happytrack.app\/fr\/wp-json\/wp\/v2\/media?parent=27157"}],"curies":[{"name":"wp","href":"https:\/\/api.w.org\/{rel}","templated":true}]}}