{"id":6371,"date":"2020-08-12T10:37:11","date_gmt":"2020-08-12T10:37:11","guid":{"rendered":"https:\/\/happytrack.app\/?page_id=6371"},"modified":"2022-11-17T13:56:50","modified_gmt":"2022-11-17T13:56:50","slug":"politica-de-privacidade-da-plataforma","status":"publish","type":"page","link":"https:\/\/happytrack.app\/fr\/politica-de-privacidade-da-plataforma\/","title":{"rendered":"Pol\u00edtica de Privacidade da Plataforma"},"content":{"rendered":"<div data-elementor-type=\"wp-page\" data-elementor-id=\"6371\" class=\"elementor elementor-6371\">\n\t\t\t\t\t\t<section class=\"elementor-section elementor-top-section elementor-element elementor-element-602340c elementor-section-boxed elementor-section-height-default elementor-section-height-default\" data-id=\"602340c\" data-element_type=\"section\">\n\t\t\t\t\t\t<div class=\"elementor-container elementor-column-gap-default\">\n\t\t\t\t\t<div class=\"elementor-column elementor-col-100 elementor-top-column elementor-element elementor-element-ef1bbbd\" data-id=\"ef1bbbd\" data-element_type=\"column\">\n\t\t\t<div class=\"elementor-widget-wrap elementor-element-populated\">\n\t\t\t\t\t\t<div class=\"elementor-element elementor-element-a5a04b2 elementor-widget elementor-widget-spacer\" data-id=\"a5a04b2\" data-element_type=\"widget\" data-widget_type=\"spacer.default\">\n\t\t\t\t<div class=\"elementor-widget-container\">\n\t\t\t\t\t\t\t<div class=\"elementor-spacer\">\n\t\t\t<div class=\"elementor-spacer-inner\"><\/div>\n\t\t<\/div>\n\t\t\t\t\t\t<\/div>\n\t\t\t\t<\/div>\n\t\t\t\t<div class=\"elementor-element elementor-element-2051994 elementor-widget elementor-widget-heading\" data-id=\"2051994\" data-element_type=\"widget\" data-widget_type=\"heading.default\">\n\t\t\t\t<div class=\"elementor-widget-container\">\n\t\t\t\t\t<h2 class=\"elementor-heading-title elementor-size-default\">Termos e Condi\u00e7\u00f5es<\/h2>\t\t\t\t<\/div>\n\t\t\t\t<\/div>\n\t\t\t\t<div class=\"elementor-element elementor-element-c0e7145 elementor-widget elementor-widget-text-editor\" data-id=\"c0e7145\" data-element_type=\"widget\" data-widget_type=\"text-editor.default\">\n\t\t\t\t<div class=\"elementor-widget-container\">\n\t\t\t\t\t\t\t\t\t<p><\/p>\n<p>N\u00f3s da HappyTrack entendemos que voc\u00ea valoriza sua privacidade e seguran\u00e7a uando o assunto \u00e9 fazer neg\u00f3cios.<\/p>\n<p>Por isso, queremos tornar sua experi\u00eancia online segura e satisfat\u00f3ria. Para demonstrar nosso comprometimento com isso, vamos te disponibilizar nossa pol\u00edtica de privacidade nas p\u00e1ginas.<\/p><p><strong style=\"background-color: transparent;\">Compartilhamento de Informa\u00e7\u00f5es<\/strong><\/p>\n<p>Ao utilizar a nossa plataforma, voc\u00ea concorda que podemos nos comunicar com voc\u00ea por via eletr\u00f4nica para os seguintes fins: tira-d\u00favidas sobre a nossa Jornada, quest\u00f5es de privacidade, assuntos administrativos, assuntos relacionados ao uso da plataforma.<\/p>\n<p>Proibimos qualquer reprodu\u00e7\u00e3o n\u00e3o autorizada do material, devido \u00e0 direitos autorais e processos de registros do m\u00e9todo. Assim, desencorajamos os participantes a criar grava\u00e7\u00f5es ou prints das telas e\/ou transmitir conte\u00fados para pessoas n\u00e3o autorizadas e fora do uso desta plataforma.<\/p><p><strong style=\"background-color: transparent;\">Utiliza\u00e7\u00e3o de dados<\/strong><\/p>\n<p>Utilizamos os dados, tanto gen\u00e9ricos como pessoais, para melhorar cada vez mais a sua experi\u00eancia online. N\u00e3o compartilhamos suas informa\u00e7\u00f5es pessoais. Os dados que compartilhamos \u00e9 de \u00fanica e exclusiva necessidade de opera\u00e7\u00e3o da plataforma da HappyTrack e promo\u00e7\u00e3o de mentorias.<\/p>\n<p><\/p>\n<p><strong>Coleta de Informa\u00e7\u00f5es<\/strong><\/p>\n<p>Coletamos informa\u00e7\u00f5es atrav\u00e9s de intera\u00e7\u00f5es volunt\u00e1rias do usu\u00e1rio com a plataforma. Ao se registrar na HappyTrack&nbsp;voc\u00ea fornece seu nome e e-mail e, com isso, declara que concorda com nossa <a href=\"https:\/\/happytrack.app\/policyhttps:\/\/happytrack.app\/privacy\/\">pol\u00edtica de privacidade<\/a>.<\/p>\n<p><\/p>\n<p><strong>Cookies<\/strong><\/p>\n<p>Cookie \u00e9 uma pequena quantidade de dados, que pode ser enviada para seu navegador a partir de um website e armazenado em seu computador. Quando o usu\u00e1rio optar por permanecer logado \u00e0 plataforma ap\u00f3s fechar o navegador, a HappyTrack utilizar\u00e1 um cookie para este procedimento. As informa\u00e7\u00f5es s\u00e3o tratadas com sigilo, e nenhuma informa\u00e7\u00e3o ser\u00e1 utilizada por terceiros, nem parceiros.<\/p>\n<p><\/p>\n<p><strong>Seguran\u00e7a<\/strong><\/p>\n<p>Tomamos uma s\u00e9rie de medidas para proteger suas informa\u00e7\u00f5es pessoais apresentadas na plataforma HappyTrack. Lembramos que nenhum procedimento pela internet \u00e9 100% seguro, entretanto adotamos procedimentos para minimizar ao m\u00e1ximo qualquer exposi\u00e7\u00e3o de suas informa\u00e7\u00f5es na web, e informamos que trabalhamos dia a dia para melhorar nosso sistema.<\/p>\n<p><\/p>\n<p><strong>Pagamentos e cancelamentos<\/strong><\/p>\n<p>Os pagamentos realizados pelo site da HappyTrack s\u00e3o gerenciados em nosso site com apoio externo de banco digital. A sua transa\u00e7\u00e3o, portanto, \u00e9 feita em ambiente seguro, ligado \u00e0 institui\u00e7\u00f5es como Juno\/Ebanx e PayPal. No caso de cancelamentos e devolu\u00e7\u00f5es, voc\u00ea deve entrar em contato com a nossa equipe. Todos os produtos comprados pelo nosso site tem 7 dias para qualquer solicita\u00e7\u00e3o de desist\u00eancia da compra ou contesta\u00e7\u00e3o. Ap\u00f3s esse prazo, n\u00e3o \u00e9 possivel realizar qualquer estorno ou reembolso, total ou parcial.<\/p>\n<p><\/p>\n<p><strong>Altera\u00e7\u00f5es<\/strong><\/p>\n<p>A HappyTrack pode ocasionalmente atualizar esta pol\u00edtica. Vamos notific\u00e1-lo(a) sobre mudan\u00e7as significativas na forma como tratamos informa\u00e7\u00f5es pessoais, enviando um aviso para o e-mail.<\/p>\n<p><\/p>\n<p><strong>Quest\u00f5es<\/strong><\/p>\n<p>Qualquer questionamento deve ser endere\u00e7ado para <a href=\"mailto:falecom@happytrack.app\">falecom@happytrack.app<\/a>.<\/p>\t\t\t\t\t\t\t\t<\/div>\n\t\t\t\t<\/div>\n\t\t\t\t<div class=\"elementor-element elementor-element-ebbd407 elementor-widget elementor-widget-spacer\" data-id=\"ebbd407\" data-element_type=\"widget\" data-widget_type=\"spacer.default\">\n\t\t\t\t<div class=\"elementor-widget-container\">\n\t\t\t\t\t\t\t<div class=\"elementor-spacer\">\n\t\t\t<div class=\"elementor-spacer-inner\"><\/div>\n\t\t<\/div>\n\t\t\t\t\t\t<\/div>\n\t\t\t\t<\/div>\n\t\t\t\t\t<\/div>\n\t\t<\/div>\n\t\t\t\t\t<\/div>\n\t\t<\/section>\n\t\t\t\t<\/div>","protected":false},"excerpt":{"rendered":"<p>Termos e Condi\u00e7\u00f5es N\u00f3s da HappyTrack entendemos que voc\u00ea valoriza sua privacidade [&hellip;]<\/p>","protected":false},"author":1,"featured_media":0,"parent":0,"menu_order":0,"comment_status":"closed","ping_status":"closed","template":"page-templates\/page_front-page.php","meta":{"advanced_seo_description":"","jetpack_seo_html_title":"","jetpack_seo_noindex":false,"_joinchat":[],"footnotes":""},"class_list":["post-6371","page","type-page","status-publish","hentry"],"jetpack_shortlink":"https:\/\/wp.me\/Pbif53-1EL","jetpack_sharing_enabled":true,"_links":{"self":[{"href":"https:\/\/happytrack.app\/fr\/wp-json\/wp\/v2\/pages\/6371","targetHints":{"allow":["GET"]}}],"collection":[{"href":"https:\/\/happytrack.app\/fr\/wp-json\/wp\/v2\/pages"}],"about":[{"href":"https:\/\/happytrack.app\/fr\/wp-json\/wp\/v2\/types\/page"}],"author":[{"embeddable":true,"href":"https:\/\/happytrack.app\/fr\/wp-json\/wp\/v2\/users\/1"}],"replies":[{"embeddable":true,"href":"https:\/\/happytrack.app\/fr\/wp-json\/wp\/v2\/comments?post=6371"}],"version-history":[{"count":6,"href":"https:\/\/happytrack.app\/fr\/wp-json\/wp\/v2\/pages\/6371\/revisions"}],"predecessor-version":[{"id":17322,"href":"https:\/\/happytrack.app\/fr\/wp-json\/wp\/v2\/pages\/6371\/revisions\/17322"}],"wp:attachment":[{"href":"https:\/\/happytrack.app\/fr\/wp-json\/wp\/v2\/media?parent=6371"}],"curies":[{"name":"wp","href":"https:\/\/api.w.org\/{rel}","templated":true}]}}