{"id":6788,"date":"2020-11-27T14:03:01","date_gmt":"2020-11-27T14:03:01","guid":{"rendered":"https:\/\/happytrack.app\/?page_id=6788"},"modified":"2020-11-27T14:10:16","modified_gmt":"2020-11-27T14:10:16","slug":"privacidade","status":"publish","type":"page","link":"https:\/\/happytrack.app\/fr\/privacidade\/","title":{"rendered":"Privacidade"},"content":{"rendered":"<div data-elementor-type=\"wp-page\" data-elementor-id=\"6788\" class=\"elementor elementor-6788\">\n\t\t\t\t\t\t<section class=\"elementor-section elementor-top-section elementor-element elementor-element-d657269 elementor-section-boxed elementor-section-height-default elementor-section-height-default\" data-id=\"d657269\" data-element_type=\"section\">\n\t\t\t\t\t\t<div class=\"elementor-container elementor-column-gap-default\">\n\t\t\t\t\t<div class=\"elementor-column elementor-col-100 elementor-top-column elementor-element elementor-element-1d9faeb\" data-id=\"1d9faeb\" data-element_type=\"column\">\n\t\t\t<div class=\"elementor-widget-wrap elementor-element-populated\">\n\t\t\t\t\t\t<div class=\"elementor-element elementor-element-bbcf6f3 elementor-widget elementor-widget-spacer\" data-id=\"bbcf6f3\" data-element_type=\"widget\" data-widget_type=\"spacer.default\">\n\t\t\t\t<div class=\"elementor-widget-container\">\n\t\t\t\t\t\t\t<div class=\"elementor-spacer\">\n\t\t\t<div class=\"elementor-spacer-inner\"><\/div>\n\t\t<\/div>\n\t\t\t\t\t\t<\/div>\n\t\t\t\t<\/div>\n\t\t\t\t<div class=\"elementor-element elementor-element-3eecd91 elementor-widget elementor-widget-heading\" data-id=\"3eecd91\" data-element_type=\"widget\" data-widget_type=\"heading.default\">\n\t\t\t\t<div class=\"elementor-widget-container\">\n\t\t\t\t\t<h2 class=\"elementor-heading-title elementor-size-default\">Nossa pol\u00edtica de privacidade<\/h2>\t\t\t\t<\/div>\n\t\t\t\t<\/div>\n\t\t\t\t<div class=\"elementor-element elementor-element-257a359 elementor-widget elementor-widget-text-editor\" data-id=\"257a359\" data-element_type=\"widget\" data-widget_type=\"text-editor.default\">\n\t\t\t\t<div class=\"elementor-widget-container\">\n\t\t\t\t\t\t\t\t\t<p>N\u00f3s da HappyTrack entendemos que voc\u00ea valoriza sua privacidade, e deste modo queremos tornar sua experi\u00eancia online segura e satisfat\u00f3ria. Para demonstrar nosso comprometimento com isso, vamos te disponibilizar nossa pol\u00edtica de privacidade.<\/p><p>Os dados cadastrais dos clientes n\u00e3o s\u00e3o vendidos, trocados ou divulgados a terceiros, exceto quando essas informa\u00e7\u00f5es s\u00e3o necess\u00e1rias para o processo de entrega, para cobran\u00e7a, ou para participa\u00e7\u00e3o em promo\u00e7\u00f5es solicitadas pelos pr\u00f3prios clientes. Seus dados pessoais s\u00e3o pe\u00e7a fundamental para criarmos um la\u00e7o de confian\u00e7a e prezamos por isso.<\/p><p>A\u00a0HappyTrack\u00a0utiliza\u00a0cookies\u00a0e informa\u00e7\u00f5es de sua navega\u00e7\u00e3o (sess\u00e3o do\u00a0<em>browser<\/em>) com o objetivo de tra\u00e7ar um perfil do p\u00fablico que visita o nosso site e aperfei\u00e7oar sempre nossos servi\u00e7os e conte\u00fados para proporcionarmos uma experi\u00eancia cada vez melhor para voc\u00ea. Durante todo este processo, mantemos suas informa\u00e7\u00f5es em sigilo absoluto. Vale lembrar que seus dados s\u00e3o registrados de forma automatizada, dispensando manipula\u00e7\u00e3o humana.<\/p><p>Para que estes dados permane\u00e7am intactos, desaconselhamos expressamente a divulga\u00e7\u00e3o de sua senha \u00e0 terceiros, mesmo amigos e parentes.<\/p><p>\u00a0<\/p><p style=\"font-style: inherit; font-weight: inherit;\"><strong>Informa\u00e7\u00f5es pessoais que coletamos<\/strong><\/p><p style=\"font-style: inherit; font-weight: inherit;\">Ao visitar a HappyTrack, registramos dados como frequ\u00eancia de uso, data e hora de acesso, quando voc\u00ea visualiza, ou clica em um conte\u00fado espec\u00edfico, bem como quais s\u00e3o suas prefer\u00eancias de conte\u00fado.<\/p><p style=\"font-style: inherit; font-weight: inherit;\">Quando voc\u00ea loga em nossa Plataforma, l\u00ea nossos e-mails e endere\u00e7os de protocolo da Internet (IP), s\u00e3o armazenadas informa\u00e7\u00f5es que possibilitam identific\u00e1-lo e registrar seu uso na Plataforma.<\/p><p style=\"font-style: inherit; font-weight: inherit;\">Informamos que nenhuma decis\u00e3o \u00e9 tomada por n\u00f3s, com base em perfis, exceto se para fins de personaliza\u00e7\u00e3o de an\u00fancios publicit\u00e1rios e de preven\u00e7\u00e3o leg\u00edtima de fraudes na internet, circunst\u00e2ncias em que a legisla\u00e7\u00e3o reconhece existir interesse leg\u00edtimo no tratamento de dados.<\/p><p style=\"font-style: inherit; font-weight: inherit;\">\u00a0<\/p><p style=\"font-style: inherit; font-weight: inherit;\"><strong>Sobre a nossa Plataforma<\/strong><\/p><p>A Plataforma da HappyTrack \u00e9 hospedada na Consultoria An\u00e1lise.com, a qual se estende essa pol\u00edtica de privacidade.<\/p><p>Ao utilizar a nossa plataforma, voc\u00ea concorda que podemos nos comunicar com voc\u00ea por via eletr\u00f4nica para os seguintes fins: tira-d\u00favidas sobre a nossa Jornada, quest\u00f5es de privacidade, assuntos administrativos, assuntos relacionados ao uso da plataforma.<\/p><p>Proibimos qualquer reprodu\u00e7\u00e3o n\u00e3o autorizada do nosso material, devido aos direitos autorais e processos de registros do m\u00e9todo. Assim, desencorajamos os participantes de nossa Plataforma a criar prints das telas e\/ou transmitir conte\u00fados para pessoas n\u00e3o autorizadas fora do uso desta plataforma.<\/p><p>\u00a0<\/p><p><strong>Cookies<\/strong><\/p><p>Cookie \u00e9 uma pequena quantidade de dados, que pode ser enviada para seu navegador a partir de um website e armazenado em seu computador. Quando o usu\u00e1rio optar por permanecer logado \u00e0 plataforma ap\u00f3s fechar o navegador, a HappyTrack utilizar\u00e1 um cookie para este procedimento. As informa\u00e7\u00f5es s\u00e3o tratadas com sigilo, e nenhuma informa\u00e7\u00e3o ser\u00e1 utilizada por terceiros, nem parceiros.<\/p><p>\u00a0<\/p><p><strong>Seguran\u00e7a<\/strong><\/p><p>Tomamos uma s\u00e9rie de medidas para proteger suas informa\u00e7\u00f5es pessoais apresentadas na plataforma HappyTrack. Lembramos que nenhum procedimento pela internet \u00e9 100% seguro, entretanto adotamos procedimentos para minimizar ao m\u00e1ximo qualquer exposi\u00e7\u00e3o de suas informa\u00e7\u00f5es na web, e informamos que trabalhamos dia a dia para melhorar nosso sistema.<\/p><p>\u00a0<\/p><p><strong>Altera\u00e7\u00f5es<\/strong><\/p><p>A HappyTrack pode ocasionalmente atualizar esta pol\u00edtica. Vamos notific\u00e1-lo(a) sobre mudan\u00e7as significativas na forma como tratamos informa\u00e7\u00f5es pessoais, enviando um aviso para o e-mail, caso voc\u00ea seja um usu\u00e1rio conectado a nossa plataforma, ou manteremos este espa\u00e7o aqui atualizado com novas altera\u00e7\u00e3o.<\/p><p>\u00a0<\/p><p><strong>Quest\u00f5es<\/strong><\/p><p>Qualquer questionamento deve ser endere\u00e7ado para <a href=\"mailto:falecom@happytrack.app\">falecom@happytrack.app<\/a>.<\/p>\t\t\t\t\t\t\t\t<\/div>\n\t\t\t\t<\/div>\n\t\t\t\t<div class=\"elementor-element elementor-element-256b2e9 elementor-widget elementor-widget-spacer\" data-id=\"256b2e9\" data-element_type=\"widget\" data-widget_type=\"spacer.default\">\n\t\t\t\t<div class=\"elementor-widget-container\">\n\t\t\t\t\t\t\t<div class=\"elementor-spacer\">\n\t\t\t<div class=\"elementor-spacer-inner\"><\/div>\n\t\t<\/div>\n\t\t\t\t\t\t<\/div>\n\t\t\t\t<\/div>\n\t\t\t\t\t<\/div>\n\t\t<\/div>\n\t\t\t\t\t<\/div>\n\t\t<\/section>\n\t\t\t\t<\/div>","protected":false},"excerpt":{"rendered":"<p>Nossa pol\u00edtica de privacidade N\u00f3s da HappyTrack entendemos que voc\u00ea valoriza sua [&hellip;]<\/p>","protected":false},"author":1,"featured_media":0,"parent":0,"menu_order":0,"comment_status":"closed","ping_status":"closed","template":"page-templates\/page_front-page.php","meta":{"advanced_seo_description":"","jetpack_seo_html_title":"","jetpack_seo_noindex":false,"_joinchat":[],"footnotes":""},"class_list":["post-6788","page","type-page","status-publish","hentry"],"jetpack_shortlink":"https:\/\/wp.me\/Pbif53-1Lu","jetpack_sharing_enabled":true,"_links":{"self":[{"href":"https:\/\/happytrack.app\/fr\/wp-json\/wp\/v2\/pages\/6788","targetHints":{"allow":["GET"]}}],"collection":[{"href":"https:\/\/happytrack.app\/fr\/wp-json\/wp\/v2\/pages"}],"about":[{"href":"https:\/\/happytrack.app\/fr\/wp-json\/wp\/v2\/types\/page"}],"author":[{"embeddable":true,"href":"https:\/\/happytrack.app\/fr\/wp-json\/wp\/v2\/users\/1"}],"replies":[{"embeddable":true,"href":"https:\/\/happytrack.app\/fr\/wp-json\/wp\/v2\/comments?post=6788"}],"version-history":[{"count":0,"href":"https:\/\/happytrack.app\/fr\/wp-json\/wp\/v2\/pages\/6788\/revisions"}],"wp:attachment":[{"href":"https:\/\/happytrack.app\/fr\/wp-json\/wp\/v2\/media?parent=6788"}],"curies":[{"name":"wp","href":"https:\/\/api.w.org\/{rel}","templated":true}]}}