{"id":8239,"date":"2021-05-23T21:56:09","date_gmt":"2021-05-23T21:56:09","guid":{"rendered":"https:\/\/happytrack.app\/finalizar-compra\/"},"modified":"2023-02-07T23:14:30","modified_gmt":"2023-02-07T23:14:30","slug":"finalizar-compra","status":"publish","type":"page","link":"https:\/\/happytrack.app\/fr\/finalizar-compra\/","title":{"rendered":"Finalizar compras"},"content":{"rendered":"<div data-elementor-type=\"wp-page\" data-elementor-id=\"8239\" class=\"elementor elementor-8239\">\n\t\t\t\t\t\t<section class=\"elementor-section elementor-top-section elementor-element elementor-element-8873983 elementor-section-boxed elementor-section-height-default elementor-section-height-default\" data-id=\"8873983\" data-element_type=\"section\" data-settings=\"{&quot;background_background&quot;:&quot;classic&quot;}\">\n\t\t\t\t\t\t<div class=\"elementor-container elementor-column-gap-default\">\n\t\t\t\t\t<div class=\"elementor-column elementor-col-100 elementor-top-column elementor-element elementor-element-273d3ec\" data-id=\"273d3ec\" data-element_type=\"column\">\n\t\t\t<div class=\"elementor-widget-wrap elementor-element-populated\">\n\t\t\t\t\t\t<div class=\"elementor-element elementor-element-3f78c8b elementor-widget elementor-widget-spacer\" data-id=\"3f78c8b\" data-element_type=\"widget\" data-widget_type=\"spacer.default\">\n\t\t\t\t<div class=\"elementor-widget-container\">\n\t\t\t\t\t\t\t<div class=\"elementor-spacer\">\n\t\t\t<div class=\"elementor-spacer-inner\"><\/div>\n\t\t<\/div>\n\t\t\t\t\t\t<\/div>\n\t\t\t\t<\/div>\n\t\t\t\t<div class=\"elementor-element elementor-element-8668bf6 elementor-widget elementor-widget-heading\" data-id=\"8668bf6\" data-element_type=\"widget\" data-widget_type=\"heading.default\">\n\t\t\t\t<div class=\"elementor-widget-container\">\n\t\t\t\t\t<h2 class=\"elementor-heading-title elementor-size-default\">Sua melhor escolha!<\/h2>\t\t\t\t<\/div>\n\t\t\t\t<\/div>\n\t\t\t\t<div class=\"elementor-element elementor-element-78cf6ab elementor-widget elementor-widget-text-editor\" data-id=\"78cf6ab\" data-element_type=\"widget\" data-widget_type=\"text-editor.default\">\n\t\t\t\t<div class=\"elementor-widget-container\">\n\t\t\t\t\t\t\t\t\t<p>Ap\u00f3s seu pagamento ser aprovado, voc\u00ea receber\u00e1 no seu e-mail o login de acesso \u00e0 plataforma para aproveitar o seu conte\u00fado ou projeto.<\/p>\n<p>Em caso de d\u00favidas ou qualquer dificuldade, entre em contato pelo e-mail: hello@happytrack.app.<\/p>\t\t\t\t\t\t\t\t<\/div>\n\t\t\t\t<\/div>\n\t\t\t\t<div class=\"elementor-element elementor-element-6161685 elementor-widget elementor-widget-spacer\" data-id=\"6161685\" data-element_type=\"widget\" data-widget_type=\"spacer.default\">\n\t\t\t\t<div class=\"elementor-widget-container\">\n\t\t\t\t\t\t\t<div class=\"elementor-spacer\">\n\t\t\t<div class=\"elementor-spacer-inner\"><\/div>\n\t\t<\/div>\n\t\t\t\t\t\t<\/div>\n\t\t\t\t<\/div>\n\t\t\t\t\t<\/div>\n\t\t<\/div>\n\t\t\t\t\t<\/div>\n\t\t<\/section>\n\t\t\t\t<section class=\"elementor-section elementor-top-section elementor-element elementor-element-6999e406 elementor-section-boxed elementor-section-height-default elementor-section-height-default\" data-id=\"6999e406\" data-element_type=\"section\" data-settings=\"{&quot;background_background&quot;:&quot;classic&quot;}\">\n\t\t\t\t\t\t<div class=\"elementor-container elementor-column-gap-default\">\n\t\t\t\t\t<div class=\"elementor-column elementor-col-100 elementor-top-column elementor-element elementor-element-5cadb08e\" data-id=\"5cadb08e\" data-element_type=\"column\">\n\t\t\t<div class=\"elementor-widget-wrap elementor-element-populated\">\n\t\t\t\t\t\t<div class=\"elementor-element elementor-element-2ad710bd elementor-widget elementor-widget-text-editor\" data-id=\"2ad710bd\" data-element_type=\"widget\" data-widget_type=\"text-editor.default\">\n\t\t\t\t<div class=\"elementor-widget-container\">\n\t\t\t\t\t\t\t\t\t<div class=\"woocommerce\">\n<div class=\"woocommerce-notices-wrapper\"><\/div>\n<\/div>\n\t\t\t\t\t\t\t\t<\/div>\n\t\t\t\t<\/div>\n\t\t\t\t\t<\/div>\n\t\t<\/div>\n\t\t\t\t\t<\/div>\n\t\t<\/section>\n\t\t\t\t<section class=\"elementor-section elementor-top-section elementor-element elementor-element-fd55911 elementor-hidden-desktop elementor-hidden-tablet elementor-hidden-mobile elementor-section-boxed elementor-section-height-default elementor-section-height-default\" data-id=\"fd55911\" data-element_type=\"section\">\n\t\t\t\t\t\t<div class=\"elementor-container elementor-column-gap-default\">\n\t\t\t\t\t<div class=\"elementor-column elementor-col-100 elementor-top-column elementor-element elementor-element-dad56e9\" data-id=\"dad56e9\" data-element_type=\"column\">\n\t\t\t<div class=\"elementor-widget-wrap elementor-element-populated\">\n\t\t\t\t\t\t<div class=\"elementor-element elementor-element-980c7ac elementor-widget elementor-widget-image\" data-id=\"980c7ac\" data-element_type=\"widget\" data-widget_type=\"image.default\">\n\t\t\t\t<div class=\"elementor-widget-container\">\n\t\t\t\t\t\t\t\t\t\t\t\t\t\t\t<img fetchpriority=\"high\" decoding=\"async\" width=\"1024\" height=\"69\" src=\"https:\/\/i0.wp.com\/happytrack.app\/wp-content\/uploads\/2022\/07\/Pagamento-HappyTrack.png?fit=1024%2C69&amp;ssl=1\" class=\"attachment-large size-large wp-image-16068\" alt=\"\" srcset=\"https:\/\/i0.wp.com\/happytrack.app\/wp-content\/uploads\/2022\/07\/Pagamento-HappyTrack.png?w=1954&amp;ssl=1 1954w, https:\/\/i0.wp.com\/happytrack.app\/wp-content\/uploads\/2022\/07\/Pagamento-HappyTrack.png?resize=300%2C20&amp;ssl=1 300w, https:\/\/i0.wp.com\/happytrack.app\/wp-content\/uploads\/2022\/07\/Pagamento-HappyTrack.png?resize=1024%2C69&amp;ssl=1 1024w, https:\/\/i0.wp.com\/happytrack.app\/wp-content\/uploads\/2022\/07\/Pagamento-HappyTrack.png?resize=768%2C51&amp;ssl=1 768w, https:\/\/i0.wp.com\/happytrack.app\/wp-content\/uploads\/2022\/07\/Pagamento-HappyTrack.png?resize=1536%2C103&amp;ssl=1 1536w, https:\/\/i0.wp.com\/happytrack.app\/wp-content\/uploads\/2022\/07\/Pagamento-HappyTrack.png?resize=18%2C1&amp;ssl=1 18w, https:\/\/i0.wp.com\/happytrack.app\/wp-content\/uploads\/2022\/07\/Pagamento-HappyTrack.png?resize=920%2C62&amp;ssl=1 920w, https:\/\/i0.wp.com\/happytrack.app\/wp-content\/uploads\/2022\/07\/Pagamento-HappyTrack.png?resize=230%2C15&amp;ssl=1 230w, https:\/\/i0.wp.com\/happytrack.app\/wp-content\/uploads\/2022\/07\/Pagamento-HappyTrack.png?resize=350%2C23&amp;ssl=1 350w, https:\/\/i0.wp.com\/happytrack.app\/wp-content\/uploads\/2022\/07\/Pagamento-HappyTrack.png?resize=480%2C32&amp;ssl=1 480w, https:\/\/i0.wp.com\/happytrack.app\/wp-content\/uploads\/2022\/07\/Pagamento-HappyTrack.png?resize=600%2C40&amp;ssl=1 600w\" sizes=\"(max-width: 1024px) 100vw, 1024px\" \/>\t\t\t\t\t\t\t\t\t\t\t\t\t\t\t<\/div>\n\t\t\t\t<\/div>\n\t\t\t\t\t<\/div>\n\t\t<\/div>\n\t\t\t\t\t<\/div>\n\t\t<\/section>\n\t\t\t\t<\/div>","protected":false},"excerpt":{"rendered":"<p>Sua melhor escolha! Ap\u00f3s seu pagamento ser aprovado, voc\u00ea receber\u00e1 no seu [&hellip;]<\/p>","protected":false},"author":1,"featured_media":0,"parent":0,"menu_order":0,"comment_status":"closed","ping_status":"closed","template":"page-templates\/page_front-page.php","meta":{"advanced_seo_description":"","jetpack_seo_html_title":"","jetpack_seo_noindex":false,"_joinchat":[],"footnotes":""},"class_list":["post-8239","page","type-page","status-publish","hentry"],"jetpack_shortlink":"https:\/\/wp.me\/Pbif53-28T","jetpack_sharing_enabled":true,"_links":{"self":[{"href":"https:\/\/happytrack.app\/fr\/wp-json\/wp\/v2\/pages\/8239","targetHints":{"allow":["GET"]}}],"collection":[{"href":"https:\/\/happytrack.app\/fr\/wp-json\/wp\/v2\/pages"}],"about":[{"href":"https:\/\/happytrack.app\/fr\/wp-json\/wp\/v2\/types\/page"}],"author":[{"embeddable":true,"href":"https:\/\/happytrack.app\/fr\/wp-json\/wp\/v2\/users\/1"}],"replies":[{"embeddable":true,"href":"https:\/\/happytrack.app\/fr\/wp-json\/wp\/v2\/comments?post=8239"}],"version-history":[{"count":30,"href":"https:\/\/happytrack.app\/fr\/wp-json\/wp\/v2\/pages\/8239\/revisions"}],"predecessor-version":[{"id":18562,"href":"https:\/\/happytrack.app\/fr\/wp-json\/wp\/v2\/pages\/8239\/revisions\/18562"}],"wp:attachment":[{"href":"https:\/\/happytrack.app\/fr\/wp-json\/wp\/v2\/media?parent=8239"}],"curies":[{"name":"wp","href":"https:\/\/api.w.org\/{rel}","templated":true}]}}