{"id":8331,"date":"2021-06-22T00:22:25","date_gmt":"2021-06-22T00:22:25","guid":{"rendered":"https:\/\/happytrack.app\/?page_id=8331"},"modified":"2024-03-11T23:18:08","modified_gmt":"2024-03-11T23:18:08","slug":"mapa-persona","status":"publish","type":"page","link":"https:\/\/happytrack.app\/fr\/mapa-persona\/","title":{"rendered":"Cr\u00e9ez vos personas"},"content":{"rendered":"<div data-elementor-type=\"wp-page\" data-elementor-id=\"8331\" class=\"elementor elementor-8331\">\n\t\t\t\t\t\t<section class=\"elementor-section elementor-top-section elementor-element elementor-element-98a124d elementor-section-boxed elementor-section-height-default elementor-section-height-default\" data-id=\"98a124d\" data-element_type=\"section\">\n\t\t\t\t\t\t<div class=\"elementor-container elementor-column-gap-default\">\n\t\t\t\t\t<div class=\"elementor-column elementor-col-100 elementor-top-column elementor-element elementor-element-49371e6\" data-id=\"49371e6\" data-element_type=\"column\">\n\t\t\t<div class=\"elementor-widget-wrap elementor-element-populated\">\n\t\t\t\t\t\t<div class=\"elementor-element elementor-element-6cc09a6 elementor-widget elementor-widget-spacer\" data-id=\"6cc09a6\" data-element_type=\"widget\" data-widget_type=\"spacer.default\">\n\t\t\t\t<div class=\"elementor-widget-container\">\n\t\t\t\t\t\t\t<div class=\"elementor-spacer\">\n\t\t\t<div class=\"elementor-spacer-inner\"><\/div>\n\t\t<\/div>\n\t\t\t\t\t\t<\/div>\n\t\t\t\t<\/div>\n\t\t\t\t<div class=\"elementor-element elementor-element-b04eae9 elementor-widget elementor-widget-heading\" data-id=\"b04eae9\" data-element_type=\"widget\" data-widget_type=\"heading.default\">\n\t\t\t\t<div class=\"elementor-widget-container\">\n\t\t\t\t\t<h2 class=\"elementor-heading-title elementor-size-default\">Baixe seu mapa de personas!<\/h2>\t\t\t\t<\/div>\n\t\t\t\t<\/div>\n\t\t\t\t<div class=\"elementor-element elementor-element-280c039 elementor-widget elementor-widget-spacer\" data-id=\"280c039\" data-element_type=\"widget\" data-widget_type=\"spacer.default\">\n\t\t\t\t<div class=\"elementor-widget-container\">\n\t\t\t\t\t\t\t<div class=\"elementor-spacer\">\n\t\t\t<div class=\"elementor-spacer-inner\"><\/div>\n\t\t<\/div>\n\t\t\t\t\t\t<\/div>\n\t\t\t\t<\/div>\n\t\t\t\t\t<\/div>\n\t\t<\/div>\n\t\t\t\t\t<\/div>\n\t\t<\/section>\n\t\t\t\t<section class=\"elementor-section elementor-top-section elementor-element elementor-element-41b7902 elementor-section-boxed elementor-section-height-default elementor-section-height-default\" data-id=\"41b7902\" data-element_type=\"section\">\n\t\t\t\t\t\t<div class=\"elementor-container elementor-column-gap-default\">\n\t\t\t\t\t<div class=\"elementor-column elementor-col-50 elementor-top-column elementor-element elementor-element-5eaf567\" data-id=\"5eaf567\" data-element_type=\"column\">\n\t\t\t<div class=\"elementor-widget-wrap elementor-element-populated\">\n\t\t\t\t\t\t<div class=\"elementor-element elementor-element-76f7fe5 elementor-widget elementor-widget-image\" data-id=\"76f7fe5\" data-element_type=\"widget\" data-widget_type=\"image.default\">\n\t\t\t\t<div class=\"elementor-widget-container\">\n\t\t\t\t\t\t\t\t\t\t\t\t\t\t\t<img fetchpriority=\"high\" decoding=\"async\" width=\"1024\" height=\"1024\" src=\"https:\/\/i0.wp.com\/happytrack.app\/wp-content\/uploads\/2021\/06\/Buyer-Persona-1024x1024-1.jpg?fit=1024%2C1024&amp;ssl=1\" class=\"attachment-large size-large wp-image-8338\" alt=\"\" srcset=\"https:\/\/i0.wp.com\/happytrack.app\/wp-content\/uploads\/2021\/06\/Buyer-Persona-1024x1024-1.jpg?w=1024&amp;ssl=1 1024w, https:\/\/i0.wp.com\/happytrack.app\/wp-content\/uploads\/2021\/06\/Buyer-Persona-1024x1024-1.jpg?resize=300%2C300&amp;ssl=1 300w, https:\/\/i0.wp.com\/happytrack.app\/wp-content\/uploads\/2021\/06\/Buyer-Persona-1024x1024-1.jpg?resize=100%2C100&amp;ssl=1 100w, https:\/\/i0.wp.com\/happytrack.app\/wp-content\/uploads\/2021\/06\/Buyer-Persona-1024x1024-1.jpg?resize=600%2C600&amp;ssl=1 600w, https:\/\/i0.wp.com\/happytrack.app\/wp-content\/uploads\/2021\/06\/Buyer-Persona-1024x1024-1.jpg?resize=150%2C150&amp;ssl=1 150w, https:\/\/i0.wp.com\/happytrack.app\/wp-content\/uploads\/2021\/06\/Buyer-Persona-1024x1024-1.jpg?resize=768%2C768&amp;ssl=1 768w, https:\/\/i0.wp.com\/happytrack.app\/wp-content\/uploads\/2021\/06\/Buyer-Persona-1024x1024-1.jpg?resize=400%2C400&amp;ssl=1 400w, https:\/\/i0.wp.com\/happytrack.app\/wp-content\/uploads\/2021\/06\/Buyer-Persona-1024x1024-1.jpg?resize=12%2C12&amp;ssl=1 12w, https:\/\/i0.wp.com\/happytrack.app\/wp-content\/uploads\/2021\/06\/Buyer-Persona-1024x1024-1.jpg?resize=75%2C75&amp;ssl=1 75w, https:\/\/i0.wp.com\/happytrack.app\/wp-content\/uploads\/2021\/06\/Buyer-Persona-1024x1024-1.jpg?resize=830%2C830&amp;ssl=1 830w, https:\/\/i0.wp.com\/happytrack.app\/wp-content\/uploads\/2021\/06\/Buyer-Persona-1024x1024-1.jpg?resize=230%2C230&amp;ssl=1 230w, https:\/\/i0.wp.com\/happytrack.app\/wp-content\/uploads\/2021\/06\/Buyer-Persona-1024x1024-1.jpg?resize=350%2C350&amp;ssl=1 350w, https:\/\/i0.wp.com\/happytrack.app\/wp-content\/uploads\/2021\/06\/Buyer-Persona-1024x1024-1.jpg?resize=480%2C480&amp;ssl=1 480w\" sizes=\"(max-width: 1024px) 100vw, 1024px\" \/>\t\t\t\t\t\t\t\t\t\t\t\t\t\t\t<\/div>\n\t\t\t\t<\/div>\n\t\t\t\t\t<\/div>\n\t\t<\/div>\n\t\t\t\t<div class=\"elementor-column elementor-col-50 elementor-top-column elementor-element elementor-element-71665e1\" data-id=\"71665e1\" data-element_type=\"column\">\n\t\t\t<div class=\"elementor-widget-wrap elementor-element-populated\">\n\t\t\t\t\t\t<div class=\"elementor-element elementor-element-34c403d elementor-widget elementor-widget-text-editor\" data-id=\"34c403d\" data-element_type=\"widget\" data-widget_type=\"text-editor.default\">\n\t\t\t\t<div class=\"elementor-widget-container\">\n\t\t\t\t\t\t\t\t\t<p>Este material faz parte do Livro &#8220;Estrat\u00e9gia Descomplicada&#8221;. Trata-se de um modelo pr\u00e1tico para te auxiliar na cria\u00e7\u00e3o de suas personas, a fim de facilitar a cria\u00e7\u00e3o de seu projeto de Estrat\u00e9gias e Gest\u00e3o da Experi\u00eancia do Cliente. Preencha o formul\u00e1rio abaixo para receber o conte\u00fado.<\/p>\t\t\t\t\t\t\t\t<\/div>\n\t\t\t\t<\/div>\n\t\t\t\t<div class=\"elementor-element elementor-element-54bb07a eael-contact-form-7-button-align-left eael-contact-form-7-button-custom elementor-widget elementor-widget-eael-contact-form-7\" data-id=\"54bb07a\" data-element_type=\"widget\" data-widget_type=\"eael-contact-form-7.default\">\n\t\t\t\t<div class=\"elementor-widget-container\">\n\t\t\t\t\t<div class=\"eael-contact-form-7-wrapper\">\n                <div class=\"eael-contact-form eael-contact-form-7 eael-contact-form-54bb07a placeholder-show eael-contact-form-align-default\">\n<div class=\"wpcf7 no-js\" id=\"wpcf7-f8336-o1\" lang=\"pt-PT\" dir=\"ltr\" data-wpcf7-id=\"8336\">\n<div class=\"screen-reader-response\"><p role=\"status\" aria-live=\"polite\" aria-atomic=\"true\"><\/p> <ul><\/ul><\/div>\n<form action=\"\/fr\/wp-json\/wp\/v2\/pages\/8331#wpcf7-f8336-o1\" method=\"post\" class=\"wpcf7-form init 63b5d565e5e8 cmatic-conn cmatic-aud-2 cmatic-mapd0-0 cmatic-v097802 cmatic-sent-0 cmatic-total-207\" aria-label=\"Formul\u00e1rio de contacto\" novalidate=\"novalidate\" data-status=\"init\" data-trp-original-action=\"\/fr\/wp-json\/wp\/v2\/pages\/8331#wpcf7-f8336-o1\">\n<fieldset class=\"hidden-fields-container\"><input type=\"hidden\" name=\"_wpcf7\" value=\"8336\" \/><input type=\"hidden\" name=\"_wpcf7_version\" value=\"6.1.5\" \/><input type=\"hidden\" name=\"_wpcf7_locale\" value=\"pt_PT\" \/><input type=\"hidden\" name=\"_wpcf7_unit_tag\" value=\"wpcf7-f8336-o1\" \/><input type=\"hidden\" name=\"_wpcf7_container_post\" value=\"0\" \/><input type=\"hidden\" name=\"_wpcf7_posted_data_hash\" value=\"\" \/><input type=\"hidden\" name=\"_wpcf7_recaptcha_response\" value=\"\" \/>\n<\/fieldset>\n<p><label> Pr\u00e9nom<br \/>\n<span class=\"wpcf7-form-control-wrap\" data-name=\"your-name\"><input size=\"40\" maxlength=\"400\" class=\"wpcf7-form-control wpcf7-text wpcf7-validates-as-required\" aria-required=\"true\" aria-invalid=\"false\" value=\"\" type=\"text\" name=\"your-name\" \/><\/span> <\/label>\n<\/p>\n<p><label> E-mail<br \/>\n<span class=\"wpcf7-form-control-wrap\" data-name=\"your-email\"><input size=\"40\" maxlength=\"400\" class=\"wpcf7-form-control wpcf7-email wpcf7-validates-as-required wpcf7-text wpcf7-validates-as-email\" aria-required=\"true\" aria-invalid=\"false\" value=\"\" type=\"email\" name=\"your-email\" \/><\/span> <\/label>\n<\/p>\n<p><input class=\"wpcf7-form-control wpcf7-submit has-spinner\" type=\"submit\" value=\"T\u00e9l\u00e9charger\" \/>\n<\/p>\n<p><script>\n document.addEventListener('wpcf7mailsent', function (event) {\n location = 'https:\/\/happytrack.app\/wp-content\/uploads\/2021\/06\/Persona.pdf';\n }, false);\n<\/script>\n<\/p><input type='hidden' class='wpcf7-pum' value='{\"closepopup\":false,\"closedelay\":0,\"openpopup\":false,\"openpopup_id\":0}' \/><div class=\"wpcf7-response-output\" aria-hidden=\"true\"><\/div>\n<input type=\"hidden\" name=\"trp-form-language\" value=\"fr\"\/><\/form>\n<\/div>\n<\/div>\n            <\/div>\t\t\t\t<\/div>\n\t\t\t\t<\/div>\n\t\t\t\t\t<\/div>\n\t\t<\/div>\n\t\t\t\t\t<\/div>\n\t\t<\/section>\n\t\t\t\t<section class=\"elementor-section elementor-top-section elementor-element elementor-element-807121f elementor-section-boxed elementor-section-height-default elementor-section-height-default\" data-id=\"807121f\" data-element_type=\"section\">\n\t\t\t\t\t\t<div class=\"elementor-container elementor-column-gap-default\">\n\t\t\t\t\t<div class=\"elementor-column elementor-col-100 elementor-top-column elementor-element elementor-element-302ac02\" data-id=\"302ac02\" data-element_type=\"column\">\n\t\t\t<div class=\"elementor-widget-wrap elementor-element-populated\">\n\t\t\t\t\t\t<div class=\"elementor-element elementor-element-bb8ff57 elementor-widget elementor-widget-spacer\" data-id=\"bb8ff57\" data-element_type=\"widget\" data-widget_type=\"spacer.default\">\n\t\t\t\t<div class=\"elementor-widget-container\">\n\t\t\t\t\t\t\t<div class=\"elementor-spacer\">\n\t\t\t<div class=\"elementor-spacer-inner\"><\/div>\n\t\t<\/div>\n\t\t\t\t\t\t<\/div>\n\t\t\t\t<\/div>\n\t\t\t\t\t<\/div>\n\t\t<\/div>\n\t\t\t\t\t<\/div>\n\t\t<\/section>\n\t\t\t\t<\/div>","protected":false},"excerpt":{"rendered":"<p>Baixe seu mapa de personas! Este material faz parte do Livro &#8220;Estrat\u00e9gia [&hellip;]<\/p>","protected":false},"author":1,"featured_media":0,"parent":0,"menu_order":0,"comment_status":"closed","ping_status":"closed","template":"page-templates\/page_front-page.php","meta":{"advanced_seo_description":"","jetpack_seo_html_title":"","jetpack_seo_noindex":false,"_joinchat":[],"footnotes":""},"class_list":["post-8331","page","type-page","status-publish","hentry"],"jetpack_shortlink":"https:\/\/wp.me\/Pbif53-2an","jetpack_sharing_enabled":true,"_links":{"self":[{"href":"https:\/\/happytrack.app\/fr\/wp-json\/wp\/v2\/pages\/8331","targetHints":{"allow":["GET"]}}],"collection":[{"href":"https:\/\/happytrack.app\/fr\/wp-json\/wp\/v2\/pages"}],"about":[{"href":"https:\/\/happytrack.app\/fr\/wp-json\/wp\/v2\/types\/page"}],"author":[{"embeddable":true,"href":"https:\/\/happytrack.app\/fr\/wp-json\/wp\/v2\/users\/1"}],"replies":[{"embeddable":true,"href":"https:\/\/happytrack.app\/fr\/wp-json\/wp\/v2\/comments?post=8331"}],"version-history":[{"count":1,"href":"https:\/\/happytrack.app\/fr\/wp-json\/wp\/v2\/pages\/8331\/revisions"}],"predecessor-version":[{"id":25036,"href":"https:\/\/happytrack.app\/fr\/wp-json\/wp\/v2\/pages\/8331\/revisions\/25036"}],"wp:attachment":[{"href":"https:\/\/happytrack.app\/fr\/wp-json\/wp\/v2\/media?parent=8331"}],"curies":[{"name":"wp","href":"https:\/\/api.w.org\/{rel}","templated":true}]}}